

{"id":104945,"date":"2017-06-13T07:09:13","date_gmt":"2017-06-13T07:09:13","guid":{"rendered":"http:\/\/josefdavidssons.se\/product\/uncategorized\/eldstadsglas-30320\/"},"modified":"2026-04-29T23:50:28","modified_gmt":"2026-04-29T22:50:28","slug":"eldstadsglas-30320-2","status":"publish","type":"product","link":"https:\/\/josefdavidssons.se\/en\/product\/spare-parts\/josef-davidssons-en\/jd-320-viking-30-en\/eldstadsglas-30320-2\/","title":{"rendered":"Viking 30 &#038; JD 320 | Firebox glass"},"content":{"rendered":"<p>32x135x4mm. For wood burning cooker Viking 30 and JD320.<\/p>\n","protected":false},"excerpt":{"rendered":"<p>For wood burning cooker Viking 30 and JD320.<\/p>\n","protected":false},"featured_media":104950,"template":"","meta":{"_acf_changed":false,"content-type":""},"product_brand":[],"product_cat":[1514,1589,1590],"product_tag":[],"class_list":{"0":"post-104945","1":"product","2":"type-product","3":"status-publish","4":"has-post-thumbnail","6":"product_cat-spare-parts","7":"product_cat-josef-davidssons-en","8":"product_cat-jd-320-viking-30-en","10":"first","11":"instock","12":"sale","13":"taxable","14":"shipping-taxable","15":"purchasable","16":"product-type-simple"},"exclude_global_add_ons":false,"addons":[{"name":"M\u00e4rkning","type":"heading","position":0,"required":false,"title_format":"label","default":"","description_enable":true,"description":"F\u00f6r v\u00e5ra \u00e5terf\u00f6rs\u00e4ljare\r\nH\u00e4r kan du skriva en m\u00e4rkning f\u00f6r produkten som du sedan kan urskilja i din order. ","placeholder_enable":false,"placeholder":"","display":"select","restrictions_type":"any_text","adjust_price":false,"price":"","price_type":"flat_fee","restrictions":false,"min":"0","max":"0","options":[],"id":1685548929},{"name":"M\u00e4rkning","type":"custom_text","position":1,"required":false,"title_format":"hide","default":"","description_enable":false,"description":"","placeholder_enable":false,"placeholder":"","display":"select","restrictions_type":"any_text","adjust_price":false,"price":"","price_type":"quantity_based","restrictions":false,"min":"0","max":"0","options":[],"id":1685548930},{"name":"M\u00e5tt","type":"heading","position":0,"required":false,"title_format":"label","default":"","description_enable":true,"description":"F\u00f6r att vi ska kunna tillverka denna askl\u00e5da beh\u00f6ver vi veta dina m\u00e5tt. M\u00e5nga \u00e4ldre spisar har f\u00f6r\u00e4ndrats genom \u00e5ren och m\u00e5tten skiljer sig mellan spisarna\r\nOBS! Upptill tv\u00e5 veckors leveranstid p\u00e5 specialbest\u00e4llda askl\u00e5dor.","placeholder_enable":false,"placeholder":"","display":"select","restrictions_type":"any_text","adjust_price":false,"price":"","price_type":"","restrictions":false,"min":"0","max":"0","options":[]},{"name":"L\u00e4ngd","type":"custom_textarea","position":0,"required":true,"title_format":"label","default":"","description_enable":false,"description":"","placeholder_enable":false,"placeholder":"","display":"select","restrictions_type":"","adjust_price":false,"price":"","price_type":"quantity_based","restrictions":false,"min":"","max":"","options":[]},{"name":"Bredd","type":"custom_textarea","position":0,"required":true,"title_format":"label","default":"","description_enable":false,"description":"","placeholder_enable":false,"placeholder":"","display":"select","restrictions_type":"","adjust_price":false,"price":"","price_type":"quantity_based","restrictions":false,"min":"","max":"","options":[]},{"name":"H\u00f6jd","type":"custom_textarea","position":0,"required":true,"title_format":"label","default":"","description_enable":false,"description":"","placeholder_enable":false,"placeholder":"","display":"select","restrictions_type":"","adjust_price":false,"price":"","price_type":"quantity_based","restrictions":false,"min":"","max":"","options":[]},{"name":"M\u00e5tt f\u00f6r bakpl\u00e5t","type":"heading","position":0,"required":false,"title_format":"label","default":"","description_enable":true,"description":"F\u00f6r att vi ska kunna tillverka denna bakpl\u00e5t beh\u00f6ver vi veta dina m\u00e5tt. M\u00e5nga \u00e4ldre spisar har f\u00f6r\u00e4ndrats genom \u00e5ren och m\u00e5tten skiljer sig mellan spisarna. \r\nOBS! Upptill tv\u00e5 veckors leveranstid p\u00e5 specialbest\u00e4llda bakpl\u00e5tar.","placeholder_enable":false,"placeholder":"","display":"select","restrictions_type":"any_text","adjust_price":false,"price":"","price_type":"","restrictions":false,"min":"0","max":"0","options":[]},{"name":"Bredd i mm","type":"custom_textarea","position":0,"required":true,"title_format":"label","default":"","description_enable":false,"description":"","placeholder_enable":false,"placeholder":"","display":"select","restrictions_type":"","adjust_price":false,"price":"","price_type":"quantity_based","restrictions":true,"min":"1","max":"","options":[]},{"name":"L\u00e4ngd i mm","type":"custom_textarea","position":0,"required":true,"title_format":"label","default":"","description_enable":false,"description":"","placeholder_enable":false,"placeholder":"","display":"select","restrictions_type":"","adjust_price":false,"price":"","price_type":"quantity_based","restrictions":true,"min":"1","max":"","options":[]}],"acf":[],"yoast_head":"<!-- This site is optimized with the Yoast SEO plugin v27.4 - https:\/\/yoast.com\/product\/yoast-seo-wordpress\/ -->\n<title>Viking 30 &amp; JD 320 | Firebox glass | Josef Davidssons Eftr.<\/title>\n<meta name=\"description\" content=\"Du hittar Eldstadsglas och m\u00e5nga andra produkter, tillbeh\u00f6r och reservdelar f\u00f6r vedspisar och kaminer h\u00e4r hos Josef Davidssons!\" \/>\n<meta name=\"robots\" content=\"index, follow, max-snippet:-1, max-image-preview:large, max-video-preview:-1\" \/>\n<link rel=\"canonical\" href=\"https:\/\/josefdavidssons.se\/product\/spare-parts\/josef-davidssons-en\/jd-320-viking-30-en\/eldstadsglas-30320-2\/\" \/>\n<meta property=\"og:locale\" content=\"en_US\" \/>\n<meta property=\"og:type\" content=\"article\" \/>\n<meta property=\"og:title\" content=\"Viking 30 &amp; JD 320 | Firebox glass | Josef Davidssons Eftr.\" \/>\n<meta property=\"og:description\" content=\"Du hittar Eldstadsglas och m\u00e5nga andra produkter, tillbeh\u00f6r och reservdelar f\u00f6r vedspisar och kaminer h\u00e4r hos Josef Davidssons!\" \/>\n<meta property=\"og:url\" content=\"https:\/\/josefdavidssons.se\/product\/spare-parts\/josef-davidssons-en\/jd-320-viking-30-en\/eldstadsglas-30320-2\/\" \/>\n<meta property=\"og:site_name\" content=\"Josef Davidssons Eftr.\" \/>\n<meta property=\"article:modified_time\" content=\"2026-04-29T22:50:28+00:00\" \/>\n<meta property=\"og:image\" content=\"https:\/\/josefdavidssons.se\/wp-content\/uploads\/2017\/06\/100032259_Eldstadsglas-2.jpg\" \/>\n\t<meta property=\"og:image:width\" content=\"1920\" \/>\n\t<meta property=\"og:image:height\" content=\"1484\" \/>\n\t<meta property=\"og:image:type\" content=\"image\/jpeg\" \/>\n<meta name=\"twitter:card\" content=\"summary_large_image\" \/>\n<meta name=\"twitter:label1\" content=\"Est. reading time\" \/>\n\t<meta name=\"twitter:data1\" content=\"1 minute\" \/>\n<script type=\"application\/ld+json\" class=\"yoast-schema-graph\">{\"@context\":\"https:\\\/\\\/schema.org\",\"@graph\":[{\"@type\":\"WebPage\",\"@id\":\"https:\\\/\\\/josefdavidssons.se\\\/product\\\/spare-parts\\\/josef-davidssons-en\\\/jd-320-viking-30-en\\\/eldstadsglas-30320-2\\\/\",\"url\":\"https:\\\/\\\/josefdavidssons.se\\\/product\\\/spare-parts\\\/josef-davidssons-en\\\/jd-320-viking-30-en\\\/eldstadsglas-30320-2\\\/\",\"name\":\"Viking 30 & JD 320 | Firebox glass | Josef Davidssons Eftr.\",\"isPartOf\":{\"@id\":\"https:\\\/\\\/josefdavidssons.se\\\/#website\"},\"primaryImageOfPage\":{\"@id\":\"https:\\\/\\\/josefdavidssons.se\\\/product\\\/spare-parts\\\/josef-davidssons-en\\\/jd-320-viking-30-en\\\/eldstadsglas-30320-2\\\/#primaryimage\"},\"image\":{\"@id\":\"https:\\\/\\\/josefdavidssons.se\\\/product\\\/spare-parts\\\/josef-davidssons-en\\\/jd-320-viking-30-en\\\/eldstadsglas-30320-2\\\/#primaryimage\"},\"thumbnailUrl\":\"https:\\\/\\\/josefdavidssons.se\\\/wp-content\\\/uploads\\\/2017\\\/06\\\/100032259_Eldstadsglas-2.jpg\",\"datePublished\":\"2017-06-13T07:09:13+00:00\",\"dateModified\":\"2026-04-29T22:50:28+00:00\",\"description\":\"Du hittar Eldstadsglas och m\u00e5nga andra produkter, tillbeh\u00f6r och reservdelar f\u00f6r vedspisar och kaminer h\u00e4r hos Josef Davidssons!\",\"breadcrumb\":{\"@id\":\"https:\\\/\\\/josefdavidssons.se\\\/product\\\/spare-parts\\\/josef-davidssons-en\\\/jd-320-viking-30-en\\\/eldstadsglas-30320-2\\\/#breadcrumb\"},\"inLanguage\":\"en-US\",\"potentialAction\":[{\"@type\":\"ReadAction\",\"target\":[\"https:\\\/\\\/josefdavidssons.se\\\/product\\\/spare-parts\\\/josef-davidssons-en\\\/jd-320-viking-30-en\\\/eldstadsglas-30320-2\\\/\"]}]},{\"@type\":\"ImageObject\",\"inLanguage\":\"en-US\",\"@id\":\"https:\\\/\\\/josefdavidssons.se\\\/product\\\/spare-parts\\\/josef-davidssons-en\\\/jd-320-viking-30-en\\\/eldstadsglas-30320-2\\\/#primaryimage\",\"url\":\"https:\\\/\\\/josefdavidssons.se\\\/wp-content\\\/uploads\\\/2017\\\/06\\\/100032259_Eldstadsglas-2.jpg\",\"contentUrl\":\"https:\\\/\\\/josefdavidssons.se\\\/wp-content\\\/uploads\\\/2017\\\/06\\\/100032259_Eldstadsglas-2.jpg\",\"width\":1920,\"height\":1484},{\"@type\":\"BreadcrumbList\",\"@id\":\"https:\\\/\\\/josefdavidssons.se\\\/product\\\/spare-parts\\\/josef-davidssons-en\\\/jd-320-viking-30-en\\\/eldstadsglas-30320-2\\\/#breadcrumb\",\"itemListElement\":[{\"@type\":\"ListItem\",\"position\":1,\"name\":\"Home\",\"item\":\"https:\\\/\\\/josefdavidssons.se\\\/en\\\/\"},{\"@type\":\"ListItem\",\"position\":2,\"name\":\"Store\",\"item\":\"https:\\\/\\\/josefdavidssons.se\\\/en\\\/store\\\/\"},{\"@type\":\"ListItem\",\"position\":3,\"name\":\"Viking 30 &#038; JD 320 | Firebox glass\"}]},{\"@type\":\"WebSite\",\"@id\":\"https:\\\/\\\/josefdavidssons.se\\\/#website\",\"url\":\"https:\\\/\\\/josefdavidssons.se\\\/\",\"name\":\"Josef Davidssons Eftr.\",\"description\":\"\",\"potentialAction\":[{\"@type\":\"SearchAction\",\"target\":{\"@type\":\"EntryPoint\",\"urlTemplate\":\"https:\\\/\\\/josefdavidssons.se\\\/?s={search_term_string}\"},\"query-input\":{\"@type\":\"PropertyValueSpecification\",\"valueRequired\":true,\"valueName\":\"search_term_string\"}}],\"inLanguage\":\"en-US\"}]}<\/script>\n<!-- \/ Yoast SEO plugin. -->","yoast_head_json":{"title":"Viking 30 & JD 320 | Firebox glass | Josef Davidssons Eftr.","description":"Du hittar Eldstadsglas och m\u00e5nga andra produkter, tillbeh\u00f6r och reservdelar f\u00f6r vedspisar och kaminer h\u00e4r hos Josef Davidssons!","robots":{"index":"index","follow":"follow","max-snippet":"max-snippet:-1","max-image-preview":"max-image-preview:large","max-video-preview":"max-video-preview:-1"},"canonical":"https:\/\/josefdavidssons.se\/product\/spare-parts\/josef-davidssons-en\/jd-320-viking-30-en\/eldstadsglas-30320-2\/","og_locale":"en_US","og_type":"article","og_title":"Viking 30 & JD 320 | Firebox glass | Josef Davidssons Eftr.","og_description":"Du hittar Eldstadsglas och m\u00e5nga andra produkter, tillbeh\u00f6r och reservdelar f\u00f6r vedspisar och kaminer h\u00e4r hos Josef Davidssons!","og_url":"https:\/\/josefdavidssons.se\/product\/spare-parts\/josef-davidssons-en\/jd-320-viking-30-en\/eldstadsglas-30320-2\/","og_site_name":"Josef Davidssons Eftr.","article_modified_time":"2026-04-29T22:50:28+00:00","og_image":[{"width":1920,"height":1484,"url":"https:\/\/josefdavidssons.se\/wp-content\/uploads\/2017\/06\/100032259_Eldstadsglas-2.jpg","type":"image\/jpeg"}],"twitter_card":"summary_large_image","twitter_misc":{"Est. reading time":"1 minute"},"schema":{"@context":"https:\/\/schema.org","@graph":[{"@type":"WebPage","@id":"https:\/\/josefdavidssons.se\/product\/spare-parts\/josef-davidssons-en\/jd-320-viking-30-en\/eldstadsglas-30320-2\/","url":"https:\/\/josefdavidssons.se\/product\/spare-parts\/josef-davidssons-en\/jd-320-viking-30-en\/eldstadsglas-30320-2\/","name":"Viking 30 & JD 320 | Firebox glass | Josef Davidssons Eftr.","isPartOf":{"@id":"https:\/\/josefdavidssons.se\/#website"},"primaryImageOfPage":{"@id":"https:\/\/josefdavidssons.se\/product\/spare-parts\/josef-davidssons-en\/jd-320-viking-30-en\/eldstadsglas-30320-2\/#primaryimage"},"image":{"@id":"https:\/\/josefdavidssons.se\/product\/spare-parts\/josef-davidssons-en\/jd-320-viking-30-en\/eldstadsglas-30320-2\/#primaryimage"},"thumbnailUrl":"https:\/\/josefdavidssons.se\/wp-content\/uploads\/2017\/06\/100032259_Eldstadsglas-2.jpg","datePublished":"2017-06-13T07:09:13+00:00","dateModified":"2026-04-29T22:50:28+00:00","description":"Du hittar Eldstadsglas och m\u00e5nga andra produkter, tillbeh\u00f6r och reservdelar f\u00f6r vedspisar och kaminer h\u00e4r hos Josef Davidssons!","breadcrumb":{"@id":"https:\/\/josefdavidssons.se\/product\/spare-parts\/josef-davidssons-en\/jd-320-viking-30-en\/eldstadsglas-30320-2\/#breadcrumb"},"inLanguage":"en-US","potentialAction":[{"@type":"ReadAction","target":["https:\/\/josefdavidssons.se\/product\/spare-parts\/josef-davidssons-en\/jd-320-viking-30-en\/eldstadsglas-30320-2\/"]}]},{"@type":"ImageObject","inLanguage":"en-US","@id":"https:\/\/josefdavidssons.se\/product\/spare-parts\/josef-davidssons-en\/jd-320-viking-30-en\/eldstadsglas-30320-2\/#primaryimage","url":"https:\/\/josefdavidssons.se\/wp-content\/uploads\/2017\/06\/100032259_Eldstadsglas-2.jpg","contentUrl":"https:\/\/josefdavidssons.se\/wp-content\/uploads\/2017\/06\/100032259_Eldstadsglas-2.jpg","width":1920,"height":1484},{"@type":"BreadcrumbList","@id":"https:\/\/josefdavidssons.se\/product\/spare-parts\/josef-davidssons-en\/jd-320-viking-30-en\/eldstadsglas-30320-2\/#breadcrumb","itemListElement":[{"@type":"ListItem","position":1,"name":"Home","item":"https:\/\/josefdavidssons.se\/en\/"},{"@type":"ListItem","position":2,"name":"Store","item":"https:\/\/josefdavidssons.se\/en\/store\/"},{"@type":"ListItem","position":3,"name":"Viking 30 &#038; JD 320 | Firebox glass"}]},{"@type":"WebSite","@id":"https:\/\/josefdavidssons.se\/#website","url":"https:\/\/josefdavidssons.se\/","name":"Josef Davidssons Eftr.","description":"","potentialAction":[{"@type":"SearchAction","target":{"@type":"EntryPoint","urlTemplate":"https:\/\/josefdavidssons.se\/?s={search_term_string}"},"query-input":{"@type":"PropertyValueSpecification","valueRequired":true,"valueName":"search_term_string"}}],"inLanguage":"en-US"}]}},"jetpack_sharing_enabled":true,"_links":{"self":[{"href":"https:\/\/josefdavidssons.se\/en\/wp-json\/wp\/v2\/product\/104945","targetHints":{"allow":["GET"]}}],"collection":[{"href":"https:\/\/josefdavidssons.se\/en\/wp-json\/wp\/v2\/product"}],"about":[{"href":"https:\/\/josefdavidssons.se\/en\/wp-json\/wp\/v2\/types\/product"}],"wp:featuredmedia":[{"embeddable":true,"href":"https:\/\/josefdavidssons.se\/en\/wp-json\/wp\/v2\/media\/104950"}],"wp:attachment":[{"href":"https:\/\/josefdavidssons.se\/en\/wp-json\/wp\/v2\/media?parent=104945"}],"wp:term":[{"taxonomy":"product_brand","embeddable":true,"href":"https:\/\/josefdavidssons.se\/en\/wp-json\/wp\/v2\/product_brand?post=104945"},{"taxonomy":"product_cat","embeddable":true,"href":"https:\/\/josefdavidssons.se\/en\/wp-json\/wp\/v2\/product_cat?post=104945"},{"taxonomy":"product_tag","embeddable":true,"href":"https:\/\/josefdavidssons.se\/en\/wp-json\/wp\/v2\/product_tag?post=104945"}],"curies":[{"name":"wp","href":"https:\/\/api.w.org\/{rel}","templated":true}]}}