

{"id":104947,"date":"2018-09-12T08:45:58","date_gmt":"2018-09-12T06:45:58","guid":{"rendered":"http:\/\/josefdavidssons.se\/product\/uncategorized\/stod-vattencistern\/"},"modified":"2026-04-30T23:26:13","modified_gmt":"2026-04-30T22:26:13","slug":"stod-vattencistern","status":"publish","type":"product","link":"https:\/\/josefdavidssons.se\/en\/product\/original-accessories\/tillbehor-jd27-jd227-en\/stod-vattencistern\/","title":{"rendered":"Idun No 1, JD 27 &#038; JD 227 | Water tank support"},"content":{"rendered":"<p>Support your water container on the side of your Josef Davidsson cooker. For models JD Idun No 1, JD 27 &#038; JD 227.<\/p>\n","protected":false},"excerpt":{"rendered":"<p>Se till att h\u00e5lla din vattencistern ordentligt p\u00e5 plats med detta st\u00f6d som g\u00f6r det m\u00f6jligt att koppla p\u00e5 en vattencistern \u00e4ven om din spis st\u00e5r p\u00e5 ett benstativ. <a href=\"http:\/\/josefdavidssons.se\/wp-content\/uploads\/2019\/10\/klarna-logotyp.png\"><img decoding=\"async\" class=\"alignnone wp-image-66281\" src=\"http:\/\/josefdavidssons.se\/wp-content\/uploads\/2019\/10\/klarna-logotyp-150x33.png\" alt=\"Klarna logotyp\" width=\"70\" height=\"16\" srcset=\"https:\/\/josefdavidssons.se\/wp-content\/uploads\/2019\/10\/klarna-logotyp-150x33.png 150w, https:\/\/josefdavidssons.se\/wp-content\/uploads\/2019\/10\/klarna-logotyp-300x67.png 300w, https:\/\/josefdavidssons.se\/wp-content\/uploads\/2019\/10\/klarna-logotyp-350x78.png 350w, https:\/\/josefdavidssons.se\/wp-content\/uploads\/2019\/10\/klarna-logotyp.png 475w\" sizes=\"(max-width: 70px) 100vw, 70px\" \/><\/a> <em>Betala direkt, senare eller dela upp.<\/em><\/p>\n","protected":false},"featured_media":100221,"template":"","meta":{"_acf_changed":false,"content-type":""},"product_brand":[],"product_cat":[1813,1599,1518],"product_tag":[],"class_list":{"0":"post-104947","1":"product","2":"type-product","3":"status-publish","4":"has-post-thumbnail","6":"product_cat-idun-no-1-iv-en","7":"product_cat-tillbehor-jd27-jd227-en","8":"product_cat-original-accessories","10":"first","11":"instock","12":"sale","13":"taxable","14":"shipping-taxable","15":"purchasable","16":"product-type-simple"},"exclude_global_add_ons":false,"addons":[{"name":"M\u00e4rkning","type":"heading","position":0,"required":false,"title_format":"label","default":"","description_enable":true,"description":"F\u00f6r v\u00e5ra \u00e5terf\u00f6rs\u00e4ljare\r\nH\u00e4r kan du skriva en m\u00e4rkning f\u00f6r produkten som du sedan kan urskilja i din order. ","placeholder_enable":false,"placeholder":"","display":"select","restrictions_type":"any_text","adjust_price":false,"price":"","price_type":"flat_fee","restrictions":false,"min":"0","max":"0","options":[],"id":1685548929},{"name":"M\u00e4rkning","type":"custom_text","position":1,"required":false,"title_format":"hide","default":"","description_enable":false,"description":"","placeholder_enable":false,"placeholder":"","display":"select","restrictions_type":"any_text","adjust_price":false,"price":"","price_type":"quantity_based","restrictions":false,"min":"0","max":"0","options":[],"id":1685548930},{"name":"M\u00e5tt","type":"heading","position":0,"required":false,"title_format":"label","default":"","description_enable":true,"description":"F\u00f6r att vi ska kunna tillverka denna askl\u00e5da beh\u00f6ver vi veta dina m\u00e5tt. M\u00e5nga \u00e4ldre spisar har f\u00f6r\u00e4ndrats genom \u00e5ren och m\u00e5tten skiljer sig mellan spisarna\r\nOBS! Upptill tv\u00e5 veckors leveranstid p\u00e5 specialbest\u00e4llda askl\u00e5dor.","placeholder_enable":false,"placeholder":"","display":"select","restrictions_type":"any_text","adjust_price":false,"price":"","price_type":"","restrictions":false,"min":"0","max":"0","options":[]},{"name":"L\u00e4ngd","type":"custom_textarea","position":0,"required":true,"title_format":"label","default":"","description_enable":false,"description":"","placeholder_enable":false,"placeholder":"","display":"select","restrictions_type":"","adjust_price":false,"price":"","price_type":"quantity_based","restrictions":false,"min":"","max":"","options":[]},{"name":"Bredd","type":"custom_textarea","position":0,"required":true,"title_format":"label","default":"","description_enable":false,"description":"","placeholder_enable":false,"placeholder":"","display":"select","restrictions_type":"","adjust_price":false,"price":"","price_type":"quantity_based","restrictions":false,"min":"","max":"","options":[]},{"name":"H\u00f6jd","type":"custom_textarea","position":0,"required":true,"title_format":"label","default":"","description_enable":false,"description":"","placeholder_enable":false,"placeholder":"","display":"select","restrictions_type":"","adjust_price":false,"price":"","price_type":"quantity_based","restrictions":false,"min":"","max":"","options":[]},{"name":"M\u00e5tt f\u00f6r bakpl\u00e5t","type":"heading","position":0,"required":false,"title_format":"label","default":"","description_enable":true,"description":"F\u00f6r att vi ska kunna tillverka denna bakpl\u00e5t beh\u00f6ver vi veta dina m\u00e5tt. M\u00e5nga \u00e4ldre spisar har f\u00f6r\u00e4ndrats genom \u00e5ren och m\u00e5tten skiljer sig mellan spisarna. \r\nOBS! Upptill tv\u00e5 veckors leveranstid p\u00e5 specialbest\u00e4llda bakpl\u00e5tar.","placeholder_enable":false,"placeholder":"","display":"select","restrictions_type":"any_text","adjust_price":false,"price":"","price_type":"","restrictions":false,"min":"0","max":"0","options":[]},{"name":"Bredd i mm","type":"custom_textarea","position":0,"required":true,"title_format":"label","default":"","description_enable":false,"description":"","placeholder_enable":false,"placeholder":"","display":"select","restrictions_type":"","adjust_price":false,"price":"","price_type":"quantity_based","restrictions":true,"min":"1","max":"","options":[]},{"name":"L\u00e4ngd i mm","type":"custom_textarea","position":0,"required":true,"title_format":"label","default":"","description_enable":false,"description":"","placeholder_enable":false,"placeholder":"","display":"select","restrictions_type":"","adjust_price":false,"price":"","price_type":"quantity_based","restrictions":true,"min":"1","max":"","options":[]}],"acf":[],"yoast_head":"<!-- This site is optimized with the Yoast SEO plugin v27.4 - https:\/\/yoast.com\/product\/yoast-seo-wordpress\/ -->\n<title>St\u00f6d f\u00f6r vattencistern till nya vedspisar \u2013 JD 27 &amp; JD 227<\/title>\n<meta name=\"description\" content=\"Till spisarna JD 27 och JD 227 finns m\u00f6jligheten att s\u00e4tta p\u00e5 en vattencistern\/kopparcistern. Med ett st\u00f6d undertill kan man ha en vattencistern \u00e4ven om spisen st\u00e5r p\u00e5 benstativ.\u00a0\" \/>\n<meta name=\"robots\" content=\"index, follow, max-snippet:-1, max-image-preview:large, max-video-preview:-1\" \/>\n<link rel=\"canonical\" href=\"https:\/\/josefdavidssons.se\/en\/product\/original-accessories\/tillbehor-jd27-jd227-en\/stod-vattencistern\/\" \/>\n<meta property=\"og:locale\" content=\"en_US\" \/>\n<meta property=\"og:type\" content=\"article\" \/>\n<meta property=\"og:title\" content=\"St\u00f6d f\u00f6r vattencistern till nya vedspisar \u2013 JD 27 &amp; JD 227\" \/>\n<meta property=\"og:description\" content=\"Till spisarna JD 27 och JD 227 finns m\u00f6jligheten att s\u00e4tta p\u00e5 en vattencistern\/kopparcistern. Med ett st\u00f6d undertill kan man ha en vattencistern \u00e4ven om spisen st\u00e5r p\u00e5 benstativ.\u00a0\" \/>\n<meta property=\"og:url\" content=\"https:\/\/josefdavidssons.se\/en\/product\/original-accessories\/tillbehor-jd27-jd227-en\/stod-vattencistern\/\" \/>\n<meta property=\"og:site_name\" content=\"Josef Davidssons Eftr.\" \/>\n<meta property=\"article:modified_time\" content=\"2026-04-30T22:26:13+00:00\" \/>\n<meta property=\"og:image\" content=\"https:\/\/josefdavidssons.se\/wp-content\/uploads\/2018\/09\/100227722_lowres.png\" \/>\n\t<meta property=\"og:image:width\" content=\"1920\" \/>\n\t<meta property=\"og:image:height\" content=\"1920\" \/>\n\t<meta property=\"og:image:type\" content=\"image\/png\" \/>\n<meta name=\"twitter:card\" content=\"summary_large_image\" \/>\n<script type=\"application\/ld+json\" class=\"yoast-schema-graph\">{\"@context\":\"https:\\\/\\\/schema.org\",\"@graph\":[{\"@type\":\"WebPage\",\"@id\":\"https:\\\/\\\/josefdavidssons.se\\\/en\\\/product\\\/original-accessories\\\/tillbehor-jd27-jd227-en\\\/stod-vattencistern\\\/\",\"url\":\"https:\\\/\\\/josefdavidssons.se\\\/en\\\/product\\\/original-accessories\\\/tillbehor-jd27-jd227-en\\\/stod-vattencistern\\\/\",\"name\":\"St\u00f6d f\u00f6r vattencistern till nya vedspisar \u2013 JD 27 & JD 227\",\"isPartOf\":{\"@id\":\"https:\\\/\\\/josefdavidssons.se\\\/#website\"},\"primaryImageOfPage\":{\"@id\":\"https:\\\/\\\/josefdavidssons.se\\\/en\\\/product\\\/original-accessories\\\/tillbehor-jd27-jd227-en\\\/stod-vattencistern\\\/#primaryimage\"},\"image\":{\"@id\":\"https:\\\/\\\/josefdavidssons.se\\\/en\\\/product\\\/original-accessories\\\/tillbehor-jd27-jd227-en\\\/stod-vattencistern\\\/#primaryimage\"},\"thumbnailUrl\":\"https:\\\/\\\/josefdavidssons.se\\\/wp-content\\\/uploads\\\/2018\\\/09\\\/100227722_lowres.png\",\"datePublished\":\"2018-09-12T06:45:58+00:00\",\"dateModified\":\"2026-04-30T22:26:13+00:00\",\"description\":\"Till spisarna JD 27 och JD 227 finns m\u00f6jligheten att s\u00e4tta p\u00e5 en vattencistern\\\/kopparcistern. Med ett st\u00f6d undertill kan man ha en vattencistern \u00e4ven om spisen st\u00e5r p\u00e5 benstativ.\u00a0\",\"breadcrumb\":{\"@id\":\"https:\\\/\\\/josefdavidssons.se\\\/en\\\/product\\\/original-accessories\\\/tillbehor-jd27-jd227-en\\\/stod-vattencistern\\\/#breadcrumb\"},\"inLanguage\":\"en-US\",\"potentialAction\":[{\"@type\":\"ReadAction\",\"target\":[\"https:\\\/\\\/josefdavidssons.se\\\/en\\\/product\\\/original-accessories\\\/tillbehor-jd27-jd227-en\\\/stod-vattencistern\\\/\"]}]},{\"@type\":\"ImageObject\",\"inLanguage\":\"en-US\",\"@id\":\"https:\\\/\\\/josefdavidssons.se\\\/en\\\/product\\\/original-accessories\\\/tillbehor-jd27-jd227-en\\\/stod-vattencistern\\\/#primaryimage\",\"url\":\"https:\\\/\\\/josefdavidssons.se\\\/wp-content\\\/uploads\\\/2018\\\/09\\\/100227722_lowres.png\",\"contentUrl\":\"https:\\\/\\\/josefdavidssons.se\\\/wp-content\\\/uploads\\\/2018\\\/09\\\/100227722_lowres.png\",\"width\":1920,\"height\":1920,\"caption\":\"St\u00f6d undertill f\u00f6r vattencistern\"},{\"@type\":\"BreadcrumbList\",\"@id\":\"https:\\\/\\\/josefdavidssons.se\\\/en\\\/product\\\/original-accessories\\\/tillbehor-jd27-jd227-en\\\/stod-vattencistern\\\/#breadcrumb\",\"itemListElement\":[{\"@type\":\"ListItem\",\"position\":1,\"name\":\"Home\",\"item\":\"https:\\\/\\\/josefdavidssons.se\\\/en\\\/\"},{\"@type\":\"ListItem\",\"position\":2,\"name\":\"Store\",\"item\":\"https:\\\/\\\/josefdavidssons.se\\\/en\\\/store\\\/\"},{\"@type\":\"ListItem\",\"position\":3,\"name\":\"Idun No 1, JD 27 &#038; JD 227 | Water tank support\"}]},{\"@type\":\"WebSite\",\"@id\":\"https:\\\/\\\/josefdavidssons.se\\\/#website\",\"url\":\"https:\\\/\\\/josefdavidssons.se\\\/\",\"name\":\"Josef Davidssons Eftr.\",\"description\":\"\",\"potentialAction\":[{\"@type\":\"SearchAction\",\"target\":{\"@type\":\"EntryPoint\",\"urlTemplate\":\"https:\\\/\\\/josefdavidssons.se\\\/?s={search_term_string}\"},\"query-input\":{\"@type\":\"PropertyValueSpecification\",\"valueRequired\":true,\"valueName\":\"search_term_string\"}}],\"inLanguage\":\"en-US\"}]}<\/script>\n<!-- \/ Yoast SEO plugin. -->","yoast_head_json":{"title":"St\u00f6d f\u00f6r vattencistern till nya vedspisar \u2013 JD 27 & JD 227","description":"Till spisarna JD 27 och JD 227 finns m\u00f6jligheten att s\u00e4tta p\u00e5 en vattencistern\/kopparcistern. Med ett st\u00f6d undertill kan man ha en vattencistern \u00e4ven om spisen st\u00e5r p\u00e5 benstativ.\u00a0","robots":{"index":"index","follow":"follow","max-snippet":"max-snippet:-1","max-image-preview":"max-image-preview:large","max-video-preview":"max-video-preview:-1"},"canonical":"https:\/\/josefdavidssons.se\/en\/product\/original-accessories\/tillbehor-jd27-jd227-en\/stod-vattencistern\/","og_locale":"en_US","og_type":"article","og_title":"St\u00f6d f\u00f6r vattencistern till nya vedspisar \u2013 JD 27 & JD 227","og_description":"Till spisarna JD 27 och JD 227 finns m\u00f6jligheten att s\u00e4tta p\u00e5 en vattencistern\/kopparcistern. Med ett st\u00f6d undertill kan man ha en vattencistern \u00e4ven om spisen st\u00e5r p\u00e5 benstativ.\u00a0","og_url":"https:\/\/josefdavidssons.se\/en\/product\/original-accessories\/tillbehor-jd27-jd227-en\/stod-vattencistern\/","og_site_name":"Josef Davidssons Eftr.","article_modified_time":"2026-04-30T22:26:13+00:00","og_image":[{"width":1920,"height":1920,"url":"https:\/\/josefdavidssons.se\/wp-content\/uploads\/2018\/09\/100227722_lowres.png","type":"image\/png"}],"twitter_card":"summary_large_image","schema":{"@context":"https:\/\/schema.org","@graph":[{"@type":"WebPage","@id":"https:\/\/josefdavidssons.se\/en\/product\/original-accessories\/tillbehor-jd27-jd227-en\/stod-vattencistern\/","url":"https:\/\/josefdavidssons.se\/en\/product\/original-accessories\/tillbehor-jd27-jd227-en\/stod-vattencistern\/","name":"St\u00f6d f\u00f6r vattencistern till nya vedspisar \u2013 JD 27 & JD 227","isPartOf":{"@id":"https:\/\/josefdavidssons.se\/#website"},"primaryImageOfPage":{"@id":"https:\/\/josefdavidssons.se\/en\/product\/original-accessories\/tillbehor-jd27-jd227-en\/stod-vattencistern\/#primaryimage"},"image":{"@id":"https:\/\/josefdavidssons.se\/en\/product\/original-accessories\/tillbehor-jd27-jd227-en\/stod-vattencistern\/#primaryimage"},"thumbnailUrl":"https:\/\/josefdavidssons.se\/wp-content\/uploads\/2018\/09\/100227722_lowres.png","datePublished":"2018-09-12T06:45:58+00:00","dateModified":"2026-04-30T22:26:13+00:00","description":"Till spisarna JD 27 och JD 227 finns m\u00f6jligheten att s\u00e4tta p\u00e5 en vattencistern\/kopparcistern. Med ett st\u00f6d undertill kan man ha en vattencistern \u00e4ven om spisen st\u00e5r p\u00e5 benstativ.\u00a0","breadcrumb":{"@id":"https:\/\/josefdavidssons.se\/en\/product\/original-accessories\/tillbehor-jd27-jd227-en\/stod-vattencistern\/#breadcrumb"},"inLanguage":"en-US","potentialAction":[{"@type":"ReadAction","target":["https:\/\/josefdavidssons.se\/en\/product\/original-accessories\/tillbehor-jd27-jd227-en\/stod-vattencistern\/"]}]},{"@type":"ImageObject","inLanguage":"en-US","@id":"https:\/\/josefdavidssons.se\/en\/product\/original-accessories\/tillbehor-jd27-jd227-en\/stod-vattencistern\/#primaryimage","url":"https:\/\/josefdavidssons.se\/wp-content\/uploads\/2018\/09\/100227722_lowres.png","contentUrl":"https:\/\/josefdavidssons.se\/wp-content\/uploads\/2018\/09\/100227722_lowres.png","width":1920,"height":1920,"caption":"St\u00f6d undertill f\u00f6r vattencistern"},{"@type":"BreadcrumbList","@id":"https:\/\/josefdavidssons.se\/en\/product\/original-accessories\/tillbehor-jd27-jd227-en\/stod-vattencistern\/#breadcrumb","itemListElement":[{"@type":"ListItem","position":1,"name":"Home","item":"https:\/\/josefdavidssons.se\/en\/"},{"@type":"ListItem","position":2,"name":"Store","item":"https:\/\/josefdavidssons.se\/en\/store\/"},{"@type":"ListItem","position":3,"name":"Idun No 1, JD 27 &#038; JD 227 | Water tank support"}]},{"@type":"WebSite","@id":"https:\/\/josefdavidssons.se\/#website","url":"https:\/\/josefdavidssons.se\/","name":"Josef Davidssons Eftr.","description":"","potentialAction":[{"@type":"SearchAction","target":{"@type":"EntryPoint","urlTemplate":"https:\/\/josefdavidssons.se\/?s={search_term_string}"},"query-input":{"@type":"PropertyValueSpecification","valueRequired":true,"valueName":"search_term_string"}}],"inLanguage":"en-US"}]}},"jetpack_sharing_enabled":true,"_links":{"self":[{"href":"https:\/\/josefdavidssons.se\/en\/wp-json\/wp\/v2\/product\/104947","targetHints":{"allow":["GET"]}}],"collection":[{"href":"https:\/\/josefdavidssons.se\/en\/wp-json\/wp\/v2\/product"}],"about":[{"href":"https:\/\/josefdavidssons.se\/en\/wp-json\/wp\/v2\/types\/product"}],"wp:featuredmedia":[{"embeddable":true,"href":"https:\/\/josefdavidssons.se\/en\/wp-json\/wp\/v2\/media\/100221"}],"wp:attachment":[{"href":"https:\/\/josefdavidssons.se\/en\/wp-json\/wp\/v2\/media?parent=104947"}],"wp:term":[{"taxonomy":"product_brand","embeddable":true,"href":"https:\/\/josefdavidssons.se\/en\/wp-json\/wp\/v2\/product_brand?post=104947"},{"taxonomy":"product_cat","embeddable":true,"href":"https:\/\/josefdavidssons.se\/en\/wp-json\/wp\/v2\/product_cat?post=104947"},{"taxonomy":"product_tag","embeddable":true,"href":"https:\/\/josefdavidssons.se\/en\/wp-json\/wp\/v2\/product_tag?post=104947"}],"curies":[{"name":"wp","href":"https:\/\/api.w.org\/{rel}","templated":true}]}}