

{"id":105911,"date":"2015-05-13T09:17:34","date_gmt":"2015-05-13T08:17:34","guid":{"rendered":"http:\/\/josefdavidssons.se\/product\/uncategorized\/bakplat-smalandsspis-1896-v\/"},"modified":"2026-04-01T15:40:28","modified_gmt":"2026-04-01T14:40:28","slug":"bakplat-smalandsspis-1896-v","status":"publish","type":"product","link":"https:\/\/josefdavidssons.se\/en\/product\/reservdelar\/j-davidssons-ab\/smalandsspisen-1896-i-reservdelar\/bakplat-smalandsspis-1896-v\/","title":{"rendered":"Sm\u00e5landsspisen 1896 | Bakpl\u00e5t"},"content":{"rendered":"<p>315\u00d7460 mm baking pan made of untreated corten steel.<\/p>\n","protected":false},"excerpt":{"rendered":"<p>315&#215;460 mm baking pan made of untreated corten steel.<\/p>\n","protected":false},"featured_media":104870,"template":"","meta":{"_acf_changed":false,"content-type":""},"product_brand":[],"product_cat":[252,1115,264,1784,47,104],"product_tag":[],"class_list":{"0":"post-105911","1":"product","2":"type-product","3":"status-publish","4":"has-post-thumbnail","6":"product_cat-j-davidssons-ab","7":"product_cat-tillbehor-smalandsspisen-1896","8":"product_cat-smalandsspisen-1896-i-reservdelar","9":"product_cat-reservdelar-smalandsspisen-1896-ii","10":"product_cat-reservdelar","11":"product_cat-tillbehor-vedspisar","13":"first","14":"instock","15":"taxable","16":"shipping-taxable","17":"purchasable","18":"product-type-simple"},"exclude_global_add_ons":[],"addons":[],"acf":[],"yoast_head":"<!-- This site is optimized with the Yoast SEO plugin v27.4 - https:\/\/yoast.com\/product\/yoast-seo-wordpress\/ -->\n<title>Sm\u00e5landsspisen 1896 | Bakpl\u00e5t | Josef Davidssons Eftr.<\/title>\n<meta name=\"description\" content=\"Du hittar Sm\u00e5landsspisen 1896 | Bakpl\u00e5t och m\u00e5nga andra produkter, tillbeh\u00f6r och reservdelar f\u00f6r vedspisar och kaminer hos Josef Davidssons Eftr.\" \/>\n<meta name=\"robots\" content=\"index, follow, max-snippet:-1, max-image-preview:large, max-video-preview:-1\" \/>\n<link rel=\"canonical\" href=\"https:\/\/josefdavidssons.se\/en\/product\/spare-parts\/josef-davidssons-en\/smalandsspisen-1896-en\/bakplat-smalandsspis-1896-v\/\" \/>\n<meta property=\"og:locale\" content=\"en_US\" \/>\n<meta property=\"og:type\" content=\"article\" \/>\n<meta property=\"og:title\" content=\"Sm\u00e5landsspisen 1896 | Bakpl\u00e5t | Josef Davidssons Eftr.\" \/>\n<meta property=\"og:description\" content=\"Du hittar Sm\u00e5landsspisen 1896 | Bakpl\u00e5t och m\u00e5nga andra produkter, tillbeh\u00f6r och reservdelar f\u00f6r vedspisar och kaminer hos Josef Davidssons Eftr.\" \/>\n<meta property=\"og:url\" content=\"https:\/\/josefdavidssons.se\/en\/product\/spare-parts\/josef-davidssons-en\/smalandsspisen-1896-en\/bakplat-smalandsspis-1896-v\/\" \/>\n<meta property=\"og:site_name\" content=\"Josef Davidssons Eftr.\" \/>\n<meta property=\"article:modified_time\" content=\"2026-04-01T14:40:28+00:00\" \/>\n<meta property=\"og:image\" content=\"https:\/\/josefdavidssons.se\/wp-content\/uploads\/2015\/05\/100227802.jpg\" \/>\n\t<meta property=\"og:image:width\" content=\"1597\" \/>\n\t<meta property=\"og:image:height\" content=\"1457\" \/>\n\t<meta property=\"og:image:type\" content=\"image\/jpeg\" \/>\n<meta name=\"twitter:card\" content=\"summary_large_image\" \/>\n<script type=\"application\/ld+json\" class=\"yoast-schema-graph\">{\"@context\":\"https:\\\/\\\/schema.org\",\"@graph\":[{\"@type\":\"WebPage\",\"@id\":\"https:\\\/\\\/josefdavidssons.se\\\/en\\\/product\\\/spare-parts\\\/josef-davidssons-en\\\/smalandsspisen-1896-en\\\/bakplat-smalandsspis-1896-v\\\/\",\"url\":\"https:\\\/\\\/josefdavidssons.se\\\/en\\\/product\\\/spare-parts\\\/josef-davidssons-en\\\/smalandsspisen-1896-en\\\/bakplat-smalandsspis-1896-v\\\/\",\"name\":\"Sm\u00e5landsspisen 1896 | Bakpl\u00e5t | Josef Davidssons Eftr.\",\"isPartOf\":{\"@id\":\"https:\\\/\\\/josefdavidssons.se\\\/#website\"},\"primaryImageOfPage\":{\"@id\":\"https:\\\/\\\/josefdavidssons.se\\\/en\\\/product\\\/spare-parts\\\/josef-davidssons-en\\\/smalandsspisen-1896-en\\\/bakplat-smalandsspis-1896-v\\\/#primaryimage\"},\"image\":{\"@id\":\"https:\\\/\\\/josefdavidssons.se\\\/en\\\/product\\\/spare-parts\\\/josef-davidssons-en\\\/smalandsspisen-1896-en\\\/bakplat-smalandsspis-1896-v\\\/#primaryimage\"},\"thumbnailUrl\":\"https:\\\/\\\/josefdavidssons.se\\\/wp-content\\\/uploads\\\/2015\\\/05\\\/100227802.jpg\",\"datePublished\":\"2015-05-13T08:17:34+00:00\",\"dateModified\":\"2026-04-01T14:40:28+00:00\",\"description\":\"Du hittar Sm\u00e5landsspisen 1896 | Bakpl\u00e5t och m\u00e5nga andra produkter, tillbeh\u00f6r och reservdelar f\u00f6r vedspisar och kaminer hos Josef Davidssons Eftr.\",\"breadcrumb\":{\"@id\":\"https:\\\/\\\/josefdavidssons.se\\\/en\\\/product\\\/spare-parts\\\/josef-davidssons-en\\\/smalandsspisen-1896-en\\\/bakplat-smalandsspis-1896-v\\\/#breadcrumb\"},\"inLanguage\":\"en-US\",\"potentialAction\":[{\"@type\":\"ReadAction\",\"target\":[\"https:\\\/\\\/josefdavidssons.se\\\/en\\\/product\\\/spare-parts\\\/josef-davidssons-en\\\/smalandsspisen-1896-en\\\/bakplat-smalandsspis-1896-v\\\/\"]}]},{\"@type\":\"ImageObject\",\"inLanguage\":\"en-US\",\"@id\":\"https:\\\/\\\/josefdavidssons.se\\\/en\\\/product\\\/spare-parts\\\/josef-davidssons-en\\\/smalandsspisen-1896-en\\\/bakplat-smalandsspis-1896-v\\\/#primaryimage\",\"url\":\"https:\\\/\\\/josefdavidssons.se\\\/wp-content\\\/uploads\\\/2015\\\/05\\\/100227802.jpg\",\"contentUrl\":\"https:\\\/\\\/josefdavidssons.se\\\/wp-content\\\/uploads\\\/2015\\\/05\\\/100227802.jpg\",\"width\":1597,\"height\":1457},{\"@type\":\"BreadcrumbList\",\"@id\":\"https:\\\/\\\/josefdavidssons.se\\\/en\\\/product\\\/spare-parts\\\/josef-davidssons-en\\\/smalandsspisen-1896-en\\\/bakplat-smalandsspis-1896-v\\\/#breadcrumb\",\"itemListElement\":[{\"@type\":\"ListItem\",\"position\":1,\"name\":\"Home\",\"item\":\"https:\\\/\\\/josefdavidssons.se\\\/en\\\/\"},{\"@type\":\"ListItem\",\"position\":2,\"name\":\"Store\",\"item\":\"https:\\\/\\\/josefdavidssons.se\\\/en\\\/store\\\/\"},{\"@type\":\"ListItem\",\"position\":3,\"name\":\"Sm\u00e5landsspisen 1896 | Bakpl\u00e5t\"}]},{\"@type\":\"WebSite\",\"@id\":\"https:\\\/\\\/josefdavidssons.se\\\/#website\",\"url\":\"https:\\\/\\\/josefdavidssons.se\\\/\",\"name\":\"Josef Davidssons Eftr.\",\"description\":\"\",\"potentialAction\":[{\"@type\":\"SearchAction\",\"target\":{\"@type\":\"EntryPoint\",\"urlTemplate\":\"https:\\\/\\\/josefdavidssons.se\\\/?s={search_term_string}\"},\"query-input\":{\"@type\":\"PropertyValueSpecification\",\"valueRequired\":true,\"valueName\":\"search_term_string\"}}],\"inLanguage\":\"en-US\"}]}<\/script>\n<!-- \/ Yoast SEO plugin. -->","yoast_head_json":{"title":"Sm\u00e5landsspisen 1896 | Bakpl\u00e5t | Josef Davidssons Eftr.","description":"Du hittar Sm\u00e5landsspisen 1896 | Bakpl\u00e5t och m\u00e5nga andra produkter, tillbeh\u00f6r och reservdelar f\u00f6r vedspisar och kaminer hos Josef Davidssons Eftr.","robots":{"index":"index","follow":"follow","max-snippet":"max-snippet:-1","max-image-preview":"max-image-preview:large","max-video-preview":"max-video-preview:-1"},"canonical":"https:\/\/josefdavidssons.se\/en\/product\/spare-parts\/josef-davidssons-en\/smalandsspisen-1896-en\/bakplat-smalandsspis-1896-v\/","og_locale":"en_US","og_type":"article","og_title":"Sm\u00e5landsspisen 1896 | Bakpl\u00e5t | Josef Davidssons Eftr.","og_description":"Du hittar Sm\u00e5landsspisen 1896 | Bakpl\u00e5t och m\u00e5nga andra produkter, tillbeh\u00f6r och reservdelar f\u00f6r vedspisar och kaminer hos Josef Davidssons Eftr.","og_url":"https:\/\/josefdavidssons.se\/en\/product\/spare-parts\/josef-davidssons-en\/smalandsspisen-1896-en\/bakplat-smalandsspis-1896-v\/","og_site_name":"Josef Davidssons Eftr.","article_modified_time":"2026-04-01T14:40:28+00:00","og_image":[{"width":1597,"height":1457,"url":"https:\/\/josefdavidssons.se\/wp-content\/uploads\/2015\/05\/100227802.jpg","type":"image\/jpeg"}],"twitter_card":"summary_large_image","schema":{"@context":"https:\/\/schema.org","@graph":[{"@type":"WebPage","@id":"https:\/\/josefdavidssons.se\/en\/product\/spare-parts\/josef-davidssons-en\/smalandsspisen-1896-en\/bakplat-smalandsspis-1896-v\/","url":"https:\/\/josefdavidssons.se\/en\/product\/spare-parts\/josef-davidssons-en\/smalandsspisen-1896-en\/bakplat-smalandsspis-1896-v\/","name":"Sm\u00e5landsspisen 1896 | Bakpl\u00e5t | Josef Davidssons Eftr.","isPartOf":{"@id":"https:\/\/josefdavidssons.se\/#website"},"primaryImageOfPage":{"@id":"https:\/\/josefdavidssons.se\/en\/product\/spare-parts\/josef-davidssons-en\/smalandsspisen-1896-en\/bakplat-smalandsspis-1896-v\/#primaryimage"},"image":{"@id":"https:\/\/josefdavidssons.se\/en\/product\/spare-parts\/josef-davidssons-en\/smalandsspisen-1896-en\/bakplat-smalandsspis-1896-v\/#primaryimage"},"thumbnailUrl":"https:\/\/josefdavidssons.se\/wp-content\/uploads\/2015\/05\/100227802.jpg","datePublished":"2015-05-13T08:17:34+00:00","dateModified":"2026-04-01T14:40:28+00:00","description":"Du hittar Sm\u00e5landsspisen 1896 | Bakpl\u00e5t och m\u00e5nga andra produkter, tillbeh\u00f6r och reservdelar f\u00f6r vedspisar och kaminer hos Josef Davidssons Eftr.","breadcrumb":{"@id":"https:\/\/josefdavidssons.se\/en\/product\/spare-parts\/josef-davidssons-en\/smalandsspisen-1896-en\/bakplat-smalandsspis-1896-v\/#breadcrumb"},"inLanguage":"en-US","potentialAction":[{"@type":"ReadAction","target":["https:\/\/josefdavidssons.se\/en\/product\/spare-parts\/josef-davidssons-en\/smalandsspisen-1896-en\/bakplat-smalandsspis-1896-v\/"]}]},{"@type":"ImageObject","inLanguage":"en-US","@id":"https:\/\/josefdavidssons.se\/en\/product\/spare-parts\/josef-davidssons-en\/smalandsspisen-1896-en\/bakplat-smalandsspis-1896-v\/#primaryimage","url":"https:\/\/josefdavidssons.se\/wp-content\/uploads\/2015\/05\/100227802.jpg","contentUrl":"https:\/\/josefdavidssons.se\/wp-content\/uploads\/2015\/05\/100227802.jpg","width":1597,"height":1457},{"@type":"BreadcrumbList","@id":"https:\/\/josefdavidssons.se\/en\/product\/spare-parts\/josef-davidssons-en\/smalandsspisen-1896-en\/bakplat-smalandsspis-1896-v\/#breadcrumb","itemListElement":[{"@type":"ListItem","position":1,"name":"Home","item":"https:\/\/josefdavidssons.se\/en\/"},{"@type":"ListItem","position":2,"name":"Store","item":"https:\/\/josefdavidssons.se\/en\/store\/"},{"@type":"ListItem","position":3,"name":"Sm\u00e5landsspisen 1896 | Bakpl\u00e5t"}]},{"@type":"WebSite","@id":"https:\/\/josefdavidssons.se\/#website","url":"https:\/\/josefdavidssons.se\/","name":"Josef Davidssons Eftr.","description":"","potentialAction":[{"@type":"SearchAction","target":{"@type":"EntryPoint","urlTemplate":"https:\/\/josefdavidssons.se\/?s={search_term_string}"},"query-input":{"@type":"PropertyValueSpecification","valueRequired":true,"valueName":"search_term_string"}}],"inLanguage":"en-US"}]}},"jetpack_sharing_enabled":true,"_links":{"self":[{"href":"https:\/\/josefdavidssons.se\/en\/wp-json\/wp\/v2\/product\/105911","targetHints":{"allow":["GET"]}}],"collection":[{"href":"https:\/\/josefdavidssons.se\/en\/wp-json\/wp\/v2\/product"}],"about":[{"href":"https:\/\/josefdavidssons.se\/en\/wp-json\/wp\/v2\/types\/product"}],"wp:featuredmedia":[{"embeddable":true,"href":"https:\/\/josefdavidssons.se\/en\/wp-json\/wp\/v2\/media\/104870"}],"wp:attachment":[{"href":"https:\/\/josefdavidssons.se\/en\/wp-json\/wp\/v2\/media?parent=105911"}],"wp:term":[{"taxonomy":"product_brand","embeddable":true,"href":"https:\/\/josefdavidssons.se\/en\/wp-json\/wp\/v2\/product_brand?post=105911"},{"taxonomy":"product_cat","embeddable":true,"href":"https:\/\/josefdavidssons.se\/en\/wp-json\/wp\/v2\/product_cat?post=105911"},{"taxonomy":"product_tag","embeddable":true,"href":"https:\/\/josefdavidssons.se\/en\/wp-json\/wp\/v2\/product_tag?post=105911"}],"curies":[{"name":"wp","href":"https:\/\/api.w.org\/{rel}","templated":true}]}}