

{"id":113132,"date":"2024-03-07T09:46:55","date_gmt":"2024-03-07T08:46:55","guid":{"rendered":"https:\/\/josefdavidssons.se\/?post_type=product&#038;p=113132"},"modified":"2026-04-28T23:45:27","modified_gmt":"2026-04-28T22:45:27","slug":"wood-burning-cooker-heimdall-790-top-connected-grey","status":"publish","type":"product","link":"https:\/\/josefdavidssons.se\/en\/product\/wood-burning-stoves-and-cookers\/wood-burning-cooker-heimdall-790-top-connected-grey\/","title":{"rendered":"Wood burning cooker Heimdall 790 | Grey"},"content":{"rendered":"<h2>Discover tradition and warmth with<br \/>\nthe Swedish-made Heimdall 790<\/h2>\n<p>With over 150 years of history and development, this wood-burning stove offers a unique combination of tradition and modern combustion technology. Maximum heat output is made possible in a sustainable way, to create a warm and pleasant atmosphere in your home. Our wood-burning stove is created to be both useful and enjoyable for a long time to come.<\/p>\n<ul>\n<li>Made in Sweden<\/li>\n<li>Convection element that spreads warmth<\/li>\n<li>Cooktop in rust-resistant Corten sheet<\/li>\n<\/ul>\n<h3>Replace your Husqvarna 3026<\/h3>\n<p>The Husqvarna 3026 is Sweden&#8217;s best-selling wood-burning stove, and the Heimdall 790 was created with this in mind. If you&#8217;re considering replacing your Husqvarna, you can seamlessly do so with the Heimdall, which will fit in the exact same place. Installation requires minimal effort, making for an easy and smooth transition.<\/p>\n<h3>Wood stove without the hassle!<\/h3>\n<p>Discover a wood stove without the hassle! Forget setting stones up in the fireplace and other changes that wood-burning stove users regularly have to make. With the Heimdall 790, maintenance is minimal \u2013 only the two vermiculite sheets in the fireplace need to be replaced with a service. Choose the Heimdall 790 for simplicity and comfort , every time you light the fire.<\/p>\n<p><a href=\"https:\/\/josefdavidssons.se\/wp-content\/uploads\/2024\/03\/Heimdall_tekniskfakta.jpg\"><img fetchpriority=\"high\" decoding=\"async\" class=\"alignnone size-large wp-image-113345\" src=\"https:\/\/josefdavidssons.se\/wp-content\/uploads\/2024\/03\/Heimdall_tekniskfakta-988x1024.jpg\" alt=\"\" width=\"988\" height=\"1024\" srcset=\"https:\/\/josefdavidssons.se\/wp-content\/uploads\/2024\/03\/Heimdall_tekniskfakta-988x1024.jpg 988w, https:\/\/josefdavidssons.se\/wp-content\/uploads\/2024\/03\/Heimdall_tekniskfakta-289x300.jpg 289w, https:\/\/josefdavidssons.se\/wp-content\/uploads\/2024\/03\/Heimdall_tekniskfakta-145x150.jpg 145w, https:\/\/josefdavidssons.se\/wp-content\/uploads\/2024\/03\/Heimdall_tekniskfakta-768x796.jpg 768w, https:\/\/josefdavidssons.se\/wp-content\/uploads\/2024\/03\/Heimdall_tekniskfakta-660x684.jpg 660w, https:\/\/josefdavidssons.se\/wp-content\/uploads\/2024\/03\/Heimdall_tekniskfakta-800x829.jpg 800w, https:\/\/josefdavidssons.se\/wp-content\/uploads\/2024\/03\/Heimdall_tekniskfakta.jpg 1200w\" sizes=\"(max-width: 988px) 100vw, 988px\" \/><\/a><\/p>\n<p><strong>1. HEIGHT ADJUSTMENT<\/strong><br \/>\nThe height of the stove can be adjusted with the adjusting screws that are easily accessible from the top.<\/p>\n<p><strong>2. FLUE GAS DAMPER<\/strong><br \/>\nThe rear-connected stove is equipped with a flue gas damper. It can be adjusted with a lever at the rear edge on the top of the hob.<\/p>\n<p><strong>3. MADE IN SWEDEN<\/strong><br \/>\nHeimdall 790 is manufactured at AB Josef Davidsson&#8217;s factory in Reftele, Sm\u00e5land.<\/p>\n<p><strong>4. OVEN HOB IN CORTEN STEEL<\/strong><br \/>\nComplete oven hob in rust-resistant corten steel. The ceramic-glass hob is available as an accessory.<\/p>\n<p><strong>5. CONVECTION HEATER<\/strong><br \/>\nEfficiently spreads the air in the room. Allows the stove to be placed directly against combustible material with just a 5 mm air gap. No other accessories are required.<\/p>\n<p><strong>6. AUTOMATIC DRAFT REGULATOR<\/strong><br \/>\nThe amount of primary air is automatically adjusted by the stove during the burning process.<\/p>\n<p><strong>7. PRIMARY AIR DIAL<\/strong><br \/>\nAdjust the power of the automatic draft regulator.<\/p>\n<p><strong>8. BUTTERFLY VALVE<\/strong><br \/>\nActivate the valve for faster start-up.<\/p>\n<p><strong>9. THERMOMETER<\/strong><br \/>\nHelps you to keep an eye on the temperature of the oven.<\/p>\n<p><strong>10. SOOT HATCH<\/strong><br \/>\nBehind the front plate there is a soot hatch for easy removal of soot.<\/p>\n<p><strong>11. DRAWER<\/strong><br \/>\nPractical storage space.<\/p>\n<p><strong>12. SECONDARY AIR DIAL<\/strong><br \/>\nAdjust the amount of secondary air for efficient combustion.<\/p>\n<p><strong>13. PLINTH PLATE<\/strong><br \/>\nThe original plinth is adjustable and fits the stove as the height is 880-920 mm.<\/p>\n","protected":false},"excerpt":{"rendered":"<p>Experience a hassle-free wood stove! Say goodbye to replacing firebox stones and other tedious maintenance tasks that traditional wood stoves demand. The Heimdall 790 from Josef Davidssons AB provides a modern solution that simplifies wood-fired cooking!<\/p>\n<p class=\"energy-class ng-star-inserted\"><strong><a href=\"https:\/\/josefdavidssons.se\/wp-content\/uploads\/2024\/03\/ECO-label-Heimdall-790_r2.pdf\">Product data sheet (Ecolabel)<\/a><\/strong><\/p>\n<p><img decoding=\"async\" class=\"alignnone wp-image-107019\" src=\"https:\/\/josefdavidssons.se\/wp-content\/uploads\/2023\/03\/A-Left-MediumGreen-srgb-jpg.webp\" alt=\"Energiklass A+\" width=\"88\" height=\"39\" srcset=\"https:\/\/josefdavidssons.se\/wp-content\/uploads\/2023\/03\/A-Left-MediumGreen-srgb-jpg.webp 351w, https:\/\/josefdavidssons.se\/wp-content\/uploads\/2023\/03\/A-Left-MediumGreen-srgb-300x132.webp 300w, https:\/\/josefdavidssons.se\/wp-content\/uploads\/2023\/03\/A-Left-MediumGreen-srgb-150x66.webp 150w\" sizes=\"(max-width: 88px) 100vw, 88px\" \/><\/p>\n","protected":false},"featured_media":113137,"template":"","meta":{"_acf_changed":false,"content-type":""},"product_brand":[],"product_cat":[791],"product_tag":[],"class_list":{"0":"post-113132","1":"product","2":"type-product","3":"status-publish","4":"has-post-thumbnail","6":"product_cat-wood-burning-stoves-and-cookers","7":"product_shipping_class-fraktklass-c","9":"first","10":"instock","11":"sale","12":"featured","13":"taxable","14":"shipping-taxable","15":"purchasable","16":"product-type-simple"},"exclude_global_add_ons":false,"addons":[{"name":"M\u00e4rkning","type":"heading","position":0,"required":false,"title_format":"label","default":"","description_enable":true,"description":"F\u00f6r v\u00e5ra \u00e5terf\u00f6rs\u00e4ljare\r\nH\u00e4r kan du skriva en m\u00e4rkning f\u00f6r produkten som du sedan kan urskilja i din order. ","placeholder_enable":false,"placeholder":"","display":"select","restrictions_type":"any_text","adjust_price":false,"price":"","price_type":"flat_fee","restrictions":false,"min":"0","max":"0","options":[],"id":1685548929},{"name":"M\u00e4rkning","type":"custom_text","position":1,"required":false,"title_format":"hide","default":"","description_enable":false,"description":"","placeholder_enable":false,"placeholder":"","display":"select","restrictions_type":"any_text","adjust_price":false,"price":"","price_type":"quantity_based","restrictions":false,"min":"0","max":"0","options":[],"id":1685548930},{"name":"M\u00e5tt","type":"heading","position":0,"required":false,"title_format":"label","default":"","description_enable":true,"description":"F\u00f6r att vi ska kunna tillverka denna askl\u00e5da beh\u00f6ver vi veta dina m\u00e5tt. M\u00e5nga \u00e4ldre spisar har f\u00f6r\u00e4ndrats genom \u00e5ren och m\u00e5tten skiljer sig mellan spisarna\r\nOBS! Upptill tv\u00e5 veckors leveranstid p\u00e5 specialbest\u00e4llda askl\u00e5dor.","placeholder_enable":false,"placeholder":"","display":"select","restrictions_type":"any_text","adjust_price":false,"price":"","price_type":"","restrictions":false,"min":"0","max":"0","options":[]},{"name":"L\u00e4ngd","type":"custom_textarea","position":0,"required":true,"title_format":"label","default":"","description_enable":false,"description":"","placeholder_enable":false,"placeholder":"","display":"select","restrictions_type":"","adjust_price":false,"price":"","price_type":"quantity_based","restrictions":false,"min":"","max":"","options":[]},{"name":"Bredd","type":"custom_textarea","position":0,"required":true,"title_format":"label","default":"","description_enable":false,"description":"","placeholder_enable":false,"placeholder":"","display":"select","restrictions_type":"","adjust_price":false,"price":"","price_type":"quantity_based","restrictions":false,"min":"","max":"","options":[]},{"name":"H\u00f6jd","type":"custom_textarea","position":0,"required":true,"title_format":"label","default":"","description_enable":false,"description":"","placeholder_enable":false,"placeholder":"","display":"select","restrictions_type":"","adjust_price":false,"price":"","price_type":"quantity_based","restrictions":false,"min":"","max":"","options":[]},{"name":"M\u00e5tt f\u00f6r bakpl\u00e5t","type":"heading","position":0,"required":false,"title_format":"label","default":"","description_enable":true,"description":"F\u00f6r att vi ska kunna tillverka denna bakpl\u00e5t beh\u00f6ver vi veta dina m\u00e5tt. M\u00e5nga \u00e4ldre spisar har f\u00f6r\u00e4ndrats genom \u00e5ren och m\u00e5tten skiljer sig mellan spisarna. \r\nOBS! Upptill tv\u00e5 veckors leveranstid p\u00e5 specialbest\u00e4llda bakpl\u00e5tar.","placeholder_enable":false,"placeholder":"","display":"select","restrictions_type":"any_text","adjust_price":false,"price":"","price_type":"","restrictions":false,"min":"0","max":"0","options":[]},{"name":"Bredd i mm","type":"custom_textarea","position":0,"required":true,"title_format":"label","default":"","description_enable":false,"description":"","placeholder_enable":false,"placeholder":"","display":"select","restrictions_type":"","adjust_price":false,"price":"","price_type":"quantity_based","restrictions":true,"min":"1","max":"","options":[]},{"name":"L\u00e4ngd i mm","type":"custom_textarea","position":0,"required":true,"title_format":"label","default":"","description_enable":false,"description":"","placeholder_enable":false,"placeholder":"","display":"select","restrictions_type":"","adjust_price":false,"price":"","price_type":"quantity_based","restrictions":true,"min":"1","max":"","options":[]}],"acf":[],"yoast_head":"<!-- This site is optimized with the Yoast SEO plugin v27.4 - https:\/\/yoast.com\/product\/yoast-seo-wordpress\/ -->\n<title>Wood burning cooker Heimdall 790 | Grey | Josef Davidssons Eftr.<\/title>\n<meta name=\"description\" content=\"Du hittar Wood burning cooker Heimdall 790 | Grey och m\u00e5nga andra produkter, tillbeh\u00f6r och reservdelar f\u00f6r vedspisar och kaminer hos Josef Davidssons Eftr.\" \/>\n<meta name=\"robots\" content=\"index, follow, max-snippet:-1, max-image-preview:large, max-video-preview:-1\" \/>\n<link rel=\"canonical\" href=\"https:\/\/josefdavidssons.se\/en\/product\/wood-burning-stoves-and-cookers\/wood-burning-cooker-heimdall-790-top-connected-grey\/\" \/>\n<meta property=\"og:locale\" content=\"en_US\" \/>\n<meta property=\"og:type\" content=\"article\" \/>\n<meta property=\"og:title\" content=\"Wood burning cooker Heimdall 790 | Grey | Josef Davidssons Eftr.\" \/>\n<meta property=\"og:description\" content=\"Du hittar Wood burning cooker Heimdall 790 | Grey och m\u00e5nga andra produkter, tillbeh\u00f6r och reservdelar f\u00f6r vedspisar och kaminer hos Josef Davidssons Eftr.\" \/>\n<meta property=\"og:url\" content=\"https:\/\/josefdavidssons.se\/en\/product\/wood-burning-stoves-and-cookers\/wood-burning-cooker-heimdall-790-top-connected-grey\/\" \/>\n<meta property=\"og:site_name\" content=\"Josef Davidssons Eftr.\" \/>\n<meta property=\"article:modified_time\" content=\"2026-04-28T22:45:27+00:00\" \/>\n<meta property=\"og:image\" content=\"https:\/\/josefdavidssons.se\/wp-content\/uploads\/2024\/03\/107900003-Heimdall-790-Gra-Toppanslutning-Eld-1280x1024-1.jpg\" \/>\n\t<meta property=\"og:image:width\" content=\"1024\" \/>\n\t<meta property=\"og:image:height\" content=\"1024\" \/>\n\t<meta property=\"og:image:type\" content=\"image\/jpeg\" \/>\n<meta name=\"twitter:card\" content=\"summary_large_image\" \/>\n<meta name=\"twitter:label1\" content=\"Est. reading time\" \/>\n\t<meta name=\"twitter:data1\" content=\"3 minutes\" \/>\n<script type=\"application\/ld+json\" class=\"yoast-schema-graph\">{\"@context\":\"https:\\\/\\\/schema.org\",\"@graph\":[{\"@type\":\"WebPage\",\"@id\":\"https:\\\/\\\/josefdavidssons.se\\\/en\\\/product\\\/wood-burning-stoves-and-cookers\\\/wood-burning-cooker-heimdall-790-top-connected-grey\\\/\",\"url\":\"https:\\\/\\\/josefdavidssons.se\\\/en\\\/product\\\/wood-burning-stoves-and-cookers\\\/wood-burning-cooker-heimdall-790-top-connected-grey\\\/\",\"name\":\"Wood burning cooker Heimdall 790 | Grey | Josef Davidssons Eftr.\",\"isPartOf\":{\"@id\":\"https:\\\/\\\/josefdavidssons.se\\\/#website\"},\"primaryImageOfPage\":{\"@id\":\"https:\\\/\\\/josefdavidssons.se\\\/en\\\/product\\\/wood-burning-stoves-and-cookers\\\/wood-burning-cooker-heimdall-790-top-connected-grey\\\/#primaryimage\"},\"image\":{\"@id\":\"https:\\\/\\\/josefdavidssons.se\\\/en\\\/product\\\/wood-burning-stoves-and-cookers\\\/wood-burning-cooker-heimdall-790-top-connected-grey\\\/#primaryimage\"},\"thumbnailUrl\":\"https:\\\/\\\/josefdavidssons.se\\\/wp-content\\\/uploads\\\/2024\\\/03\\\/107900003-Heimdall-790-Gra-Toppanslutning-Eld-1280x1024-1.jpg\",\"datePublished\":\"2024-03-07T08:46:55+00:00\",\"dateModified\":\"2026-04-28T22:45:27+00:00\",\"description\":\"Du hittar Wood burning cooker Heimdall 790 | Grey och m\u00e5nga andra produkter, tillbeh\u00f6r och reservdelar f\u00f6r vedspisar och kaminer hos Josef Davidssons Eftr.\",\"breadcrumb\":{\"@id\":\"https:\\\/\\\/josefdavidssons.se\\\/en\\\/product\\\/wood-burning-stoves-and-cookers\\\/wood-burning-cooker-heimdall-790-top-connected-grey\\\/#breadcrumb\"},\"inLanguage\":\"en-US\",\"potentialAction\":[{\"@type\":\"ReadAction\",\"target\":[\"https:\\\/\\\/josefdavidssons.se\\\/en\\\/product\\\/wood-burning-stoves-and-cookers\\\/wood-burning-cooker-heimdall-790-top-connected-grey\\\/\"]}]},{\"@type\":\"ImageObject\",\"inLanguage\":\"en-US\",\"@id\":\"https:\\\/\\\/josefdavidssons.se\\\/en\\\/product\\\/wood-burning-stoves-and-cookers\\\/wood-burning-cooker-heimdall-790-top-connected-grey\\\/#primaryimage\",\"url\":\"https:\\\/\\\/josefdavidssons.se\\\/wp-content\\\/uploads\\\/2024\\\/03\\\/107900003-Heimdall-790-Gra-Toppanslutning-Eld-1280x1024-1.jpg\",\"contentUrl\":\"https:\\\/\\\/josefdavidssons.se\\\/wp-content\\\/uploads\\\/2024\\\/03\\\/107900003-Heimdall-790-Gra-Toppanslutning-Eld-1280x1024-1.jpg\",\"width\":1024,\"height\":1024},{\"@type\":\"BreadcrumbList\",\"@id\":\"https:\\\/\\\/josefdavidssons.se\\\/en\\\/product\\\/wood-burning-stoves-and-cookers\\\/wood-burning-cooker-heimdall-790-top-connected-grey\\\/#breadcrumb\",\"itemListElement\":[{\"@type\":\"ListItem\",\"position\":1,\"name\":\"Home\",\"item\":\"https:\\\/\\\/josefdavidssons.se\\\/en\\\/\"},{\"@type\":\"ListItem\",\"position\":2,\"name\":\"Store\",\"item\":\"https:\\\/\\\/josefdavidssons.se\\\/en\\\/store\\\/\"},{\"@type\":\"ListItem\",\"position\":3,\"name\":\"Wood burning cooker Heimdall 790 | Grey\"}]},{\"@type\":\"WebSite\",\"@id\":\"https:\\\/\\\/josefdavidssons.se\\\/#website\",\"url\":\"https:\\\/\\\/josefdavidssons.se\\\/\",\"name\":\"Josef Davidssons Eftr.\",\"description\":\"\",\"potentialAction\":[{\"@type\":\"SearchAction\",\"target\":{\"@type\":\"EntryPoint\",\"urlTemplate\":\"https:\\\/\\\/josefdavidssons.se\\\/?s={search_term_string}\"},\"query-input\":{\"@type\":\"PropertyValueSpecification\",\"valueRequired\":true,\"valueName\":\"search_term_string\"}}],\"inLanguage\":\"en-US\"}]}<\/script>\n<!-- \/ Yoast SEO plugin. -->","yoast_head_json":{"title":"Wood burning cooker Heimdall 790 | Grey | Josef Davidssons Eftr.","description":"Du hittar Wood burning cooker Heimdall 790 | Grey och m\u00e5nga andra produkter, tillbeh\u00f6r och reservdelar f\u00f6r vedspisar och kaminer hos Josef Davidssons Eftr.","robots":{"index":"index","follow":"follow","max-snippet":"max-snippet:-1","max-image-preview":"max-image-preview:large","max-video-preview":"max-video-preview:-1"},"canonical":"https:\/\/josefdavidssons.se\/en\/product\/wood-burning-stoves-and-cookers\/wood-burning-cooker-heimdall-790-top-connected-grey\/","og_locale":"en_US","og_type":"article","og_title":"Wood burning cooker Heimdall 790 | Grey | Josef Davidssons Eftr.","og_description":"Du hittar Wood burning cooker Heimdall 790 | Grey och m\u00e5nga andra produkter, tillbeh\u00f6r och reservdelar f\u00f6r vedspisar och kaminer hos Josef Davidssons Eftr.","og_url":"https:\/\/josefdavidssons.se\/en\/product\/wood-burning-stoves-and-cookers\/wood-burning-cooker-heimdall-790-top-connected-grey\/","og_site_name":"Josef Davidssons Eftr.","article_modified_time":"2026-04-28T22:45:27+00:00","og_image":[{"width":1024,"height":1024,"url":"https:\/\/josefdavidssons.se\/wp-content\/uploads\/2024\/03\/107900003-Heimdall-790-Gra-Toppanslutning-Eld-1280x1024-1.jpg","type":"image\/jpeg"}],"twitter_card":"summary_large_image","twitter_misc":{"Est. reading time":"3 minutes"},"schema":{"@context":"https:\/\/schema.org","@graph":[{"@type":"WebPage","@id":"https:\/\/josefdavidssons.se\/en\/product\/wood-burning-stoves-and-cookers\/wood-burning-cooker-heimdall-790-top-connected-grey\/","url":"https:\/\/josefdavidssons.se\/en\/product\/wood-burning-stoves-and-cookers\/wood-burning-cooker-heimdall-790-top-connected-grey\/","name":"Wood burning cooker Heimdall 790 | Grey | Josef Davidssons Eftr.","isPartOf":{"@id":"https:\/\/josefdavidssons.se\/#website"},"primaryImageOfPage":{"@id":"https:\/\/josefdavidssons.se\/en\/product\/wood-burning-stoves-and-cookers\/wood-burning-cooker-heimdall-790-top-connected-grey\/#primaryimage"},"image":{"@id":"https:\/\/josefdavidssons.se\/en\/product\/wood-burning-stoves-and-cookers\/wood-burning-cooker-heimdall-790-top-connected-grey\/#primaryimage"},"thumbnailUrl":"https:\/\/josefdavidssons.se\/wp-content\/uploads\/2024\/03\/107900003-Heimdall-790-Gra-Toppanslutning-Eld-1280x1024-1.jpg","datePublished":"2024-03-07T08:46:55+00:00","dateModified":"2026-04-28T22:45:27+00:00","description":"Du hittar Wood burning cooker Heimdall 790 | Grey och m\u00e5nga andra produkter, tillbeh\u00f6r och reservdelar f\u00f6r vedspisar och kaminer hos Josef Davidssons Eftr.","breadcrumb":{"@id":"https:\/\/josefdavidssons.se\/en\/product\/wood-burning-stoves-and-cookers\/wood-burning-cooker-heimdall-790-top-connected-grey\/#breadcrumb"},"inLanguage":"en-US","potentialAction":[{"@type":"ReadAction","target":["https:\/\/josefdavidssons.se\/en\/product\/wood-burning-stoves-and-cookers\/wood-burning-cooker-heimdall-790-top-connected-grey\/"]}]},{"@type":"ImageObject","inLanguage":"en-US","@id":"https:\/\/josefdavidssons.se\/en\/product\/wood-burning-stoves-and-cookers\/wood-burning-cooker-heimdall-790-top-connected-grey\/#primaryimage","url":"https:\/\/josefdavidssons.se\/wp-content\/uploads\/2024\/03\/107900003-Heimdall-790-Gra-Toppanslutning-Eld-1280x1024-1.jpg","contentUrl":"https:\/\/josefdavidssons.se\/wp-content\/uploads\/2024\/03\/107900003-Heimdall-790-Gra-Toppanslutning-Eld-1280x1024-1.jpg","width":1024,"height":1024},{"@type":"BreadcrumbList","@id":"https:\/\/josefdavidssons.se\/en\/product\/wood-burning-stoves-and-cookers\/wood-burning-cooker-heimdall-790-top-connected-grey\/#breadcrumb","itemListElement":[{"@type":"ListItem","position":1,"name":"Home","item":"https:\/\/josefdavidssons.se\/en\/"},{"@type":"ListItem","position":2,"name":"Store","item":"https:\/\/josefdavidssons.se\/en\/store\/"},{"@type":"ListItem","position":3,"name":"Wood burning cooker Heimdall 790 | Grey"}]},{"@type":"WebSite","@id":"https:\/\/josefdavidssons.se\/#website","url":"https:\/\/josefdavidssons.se\/","name":"Josef Davidssons Eftr.","description":"","potentialAction":[{"@type":"SearchAction","target":{"@type":"EntryPoint","urlTemplate":"https:\/\/josefdavidssons.se\/?s={search_term_string}"},"query-input":{"@type":"PropertyValueSpecification","valueRequired":true,"valueName":"search_term_string"}}],"inLanguage":"en-US"}]}},"jetpack_sharing_enabled":true,"_links":{"self":[{"href":"https:\/\/josefdavidssons.se\/en\/wp-json\/wp\/v2\/product\/113132","targetHints":{"allow":["GET"]}}],"collection":[{"href":"https:\/\/josefdavidssons.se\/en\/wp-json\/wp\/v2\/product"}],"about":[{"href":"https:\/\/josefdavidssons.se\/en\/wp-json\/wp\/v2\/types\/product"}],"wp:featuredmedia":[{"embeddable":true,"href":"https:\/\/josefdavidssons.se\/en\/wp-json\/wp\/v2\/media\/113137"}],"wp:attachment":[{"href":"https:\/\/josefdavidssons.se\/en\/wp-json\/wp\/v2\/media?parent=113132"}],"wp:term":[{"taxonomy":"product_brand","embeddable":true,"href":"https:\/\/josefdavidssons.se\/en\/wp-json\/wp\/v2\/product_brand?post=113132"},{"taxonomy":"product_cat","embeddable":true,"href":"https:\/\/josefdavidssons.se\/en\/wp-json\/wp\/v2\/product_cat?post=113132"},{"taxonomy":"product_tag","embeddable":true,"href":"https:\/\/josefdavidssons.se\/en\/wp-json\/wp\/v2\/product_tag?post=113132"}],"curies":[{"name":"wp","href":"https:\/\/api.w.org\/{rel}","templated":true}]}}