

{"id":114667,"date":"2024-05-30T13:13:21","date_gmt":"2024-05-30T12:13:21","guid":{"rendered":"https:\/\/josefdavidssons.se\/?post_type=product&#038;p=114667"},"modified":"2025-10-16T07:52:44","modified_gmt":"2025-10-16T06:52:44","slug":"wood-burning-cooker-jd-227-kopia","status":"publish","type":"product","link":"https:\/\/josefdavidssons.se\/en\/product\/wood-burning-stoves-and-cookers\/wood-burning-cooker-jd-227-kopia\/","title":{"rendered":"Wood burning cooker | JD 227 Hotplates"},"content":{"rendered":"<h2>JD 227 \u2013 a wood-burning stove for every home<\/h2>\n<p>If you are looking for a high-quality wood-burning stove with a beautiful design, the JD 227 might be the right choice. Inspired by the 50s, the stove fits well in modern and traditional homes. The stove has a glazed fireplace door, so you can enjoy the beautiful glow of the fire with your family and friends. It can be installed as an integrated part of the kitchen or as a free-standing floor placement in any room you choose.<\/p>\n<h2>Smart features that last for many years<\/h2>\n<p>The JD 227 is a cast iron stove equipped with a full stovetop for maximum heat intensity and functionality. The stovetop is also available in ceramic glass for extra cosiness. It has a large baking oven with a ceiling clad with a 15 mm soapstone slab that ensures an even oven temperature. Additionally, the soapstone provides longer heat retention, and if you fill the oven with a soapstone set, it will retain the heat for an entire night. Perfect for those who want to lower their energy costs and stay warm and cosy at home during cold months. The chimney connection is available at the back or top. The stove is CE-marked and meets today&#8217;s environmental requirements.You can also find a wide range of accessories in our shop, allowing you to enjoy your wood stove even more. We have, among other things:<\/p>\n<ul>\n<li>ceramic glass cooktop<\/li>\n<li>baking sheet<\/li>\n<li>grill pan<\/li>\n<li>hob extenders<\/li>\n<li>porcelain knobs<\/li>\n<\/ul>\n<p>There is also an option to add a leg stand to place the stove directly on the floor. You can adjust it to three different heights \u2013 85 cm, 87.5 cm, or 90 cm.<\/p>\n<h2>Solid quality and Swedish craftsmanship<\/h2>\n<p>At Josef Davidssons, we are proud to offer wood-burning stoves of the highest quality, which incorporate the latest combustion technology. The frame is cast in Denmark, and all sheet metal parts are manufactured locally, with assembly done by experienced craftsmen in Reftele, Sweden.<\/p>\n<p>We have designed the new cooktop plate on the JD 227 to be more efficient for heat absorption. It also have more intense combustion. A new feature is a convenient knob for regulating the outside air. There are now no visible screws on top. The oven door opens downward on this stove, similar to older stoves from this generation.<\/p>\n","protected":false},"excerpt":{"rendered":"<p>Cooker with modern features and 1950s design. Curved oven hatch, stove top hob and great efficiency.<\/p>\n","protected":false},"featured_media":114664,"template":"","meta":{"_acf_changed":false,"content-type":""},"product_brand":[],"product_cat":[791],"product_tag":[],"class_list":{"0":"post-114667","1":"product","2":"type-product","3":"status-publish","4":"has-post-thumbnail","6":"product_cat-wood-burning-stoves-and-cookers","7":"product_shipping_class-fraktklass-a","9":"first","10":"onbackorder","11":"featured","12":"taxable","13":"shipping-taxable","14":"purchasable","15":"product-type-simple"},"exclude_global_add_ons":false,"addons":[{"name":"M\u00e4rkning","type":"heading","position":0,"required":false,"title_format":"label","default":"","description_enable":true,"description":"F\u00f6r v\u00e5ra \u00e5terf\u00f6rs\u00e4ljare\r\nH\u00e4r kan du skriva en m\u00e4rkning f\u00f6r produkten som du sedan kan urskilja i din order. ","placeholder_enable":false,"placeholder":"","display":"select","restrictions_type":"any_text","adjust_price":false,"price":"","price_type":"flat_fee","restrictions":false,"min":"0","max":"0","options":[],"id":1685548929},{"name":"M\u00e4rkning","type":"custom_text","position":1,"required":false,"title_format":"hide","default":"","description_enable":false,"description":"","placeholder_enable":false,"placeholder":"","display":"select","restrictions_type":"any_text","adjust_price":false,"price":"","price_type":"quantity_based","restrictions":false,"min":"0","max":"0","options":[],"id":1685548930},{"name":"M\u00e5tt","type":"heading","position":0,"required":false,"title_format":"label","default":"","description_enable":true,"description":"F\u00f6r att vi ska kunna tillverka denna askl\u00e5da beh\u00f6ver vi veta dina m\u00e5tt. M\u00e5nga \u00e4ldre spisar har f\u00f6r\u00e4ndrats genom \u00e5ren och m\u00e5tten skiljer sig mellan spisarna\r\nOBS! Upptill tv\u00e5 veckors leveranstid p\u00e5 specialbest\u00e4llda askl\u00e5dor.","placeholder_enable":false,"placeholder":"","display":"select","restrictions_type":"any_text","adjust_price":false,"price":"","price_type":"","restrictions":false,"min":"0","max":"0","options":[]},{"name":"L\u00e4ngd","type":"custom_textarea","position":0,"required":true,"title_format":"label","default":"","description_enable":false,"description":"","placeholder_enable":false,"placeholder":"","display":"select","restrictions_type":"","adjust_price":false,"price":"","price_type":"quantity_based","restrictions":false,"min":"","max":"","options":[]},{"name":"Bredd","type":"custom_textarea","position":0,"required":true,"title_format":"label","default":"","description_enable":false,"description":"","placeholder_enable":false,"placeholder":"","display":"select","restrictions_type":"","adjust_price":false,"price":"","price_type":"quantity_based","restrictions":false,"min":"","max":"","options":[]},{"name":"H\u00f6jd","type":"custom_textarea","position":0,"required":true,"title_format":"label","default":"","description_enable":false,"description":"","placeholder_enable":false,"placeholder":"","display":"select","restrictions_type":"","adjust_price":false,"price":"","price_type":"quantity_based","restrictions":false,"min":"","max":"","options":[]},{"name":"M\u00e5tt f\u00f6r bakpl\u00e5t","type":"heading","position":0,"required":false,"title_format":"label","default":"","description_enable":true,"description":"F\u00f6r att vi ska kunna tillverka denna bakpl\u00e5t beh\u00f6ver vi veta dina m\u00e5tt. M\u00e5nga \u00e4ldre spisar har f\u00f6r\u00e4ndrats genom \u00e5ren och m\u00e5tten skiljer sig mellan spisarna. \r\nOBS! Upptill tv\u00e5 veckors leveranstid p\u00e5 specialbest\u00e4llda bakpl\u00e5tar.","placeholder_enable":false,"placeholder":"","display":"select","restrictions_type":"any_text","adjust_price":false,"price":"","price_type":"","restrictions":false,"min":"0","max":"0","options":[]},{"name":"Bredd i mm","type":"custom_textarea","position":0,"required":true,"title_format":"label","default":"","description_enable":false,"description":"","placeholder_enable":false,"placeholder":"","display":"select","restrictions_type":"","adjust_price":false,"price":"","price_type":"quantity_based","restrictions":true,"min":"1","max":"","options":[]},{"name":"L\u00e4ngd i mm","type":"custom_textarea","position":0,"required":true,"title_format":"label","default":"","description_enable":false,"description":"","placeholder_enable":false,"placeholder":"","display":"select","restrictions_type":"","adjust_price":false,"price":"","price_type":"quantity_based","restrictions":true,"min":"1","max":"","options":[]}],"acf":[],"yoast_head":"<!-- This site is optimized with the Yoast SEO plugin v27.0 - https:\/\/yoast.com\/product\/yoast-seo-wordpress\/ -->\n<title>Wood-burning stove JD 227 | Josef Davidssons<\/title>\n<meta name=\"description\" content=\"Our new wood-burning stove, JD 227, have a complete griddle for maximum tightness and function. JD 227 is inspired by models from the 1950\u2019s.\" \/>\n<meta name=\"robots\" content=\"index, follow, max-snippet:-1, max-image-preview:large, max-video-preview:-1\" \/>\n<link rel=\"canonical\" href=\"https:\/\/josefdavidssons.se\/en\/product\/wood-burning-stoves-and-cookers\/wood-burning-cooker-jd-227-kopia\/\" \/>\n<meta property=\"og:locale\" content=\"en_US\" \/>\n<meta property=\"og:type\" content=\"article\" \/>\n<meta property=\"og:title\" content=\"Wood-burning stove JD 227 | Josef Davidssons\" \/>\n<meta property=\"og:description\" content=\"Our new wood-burning stove, JD 227, have a complete griddle for maximum tightness and function. JD 227 is inspired by models from the 1950\u2019s.\" \/>\n<meta property=\"og:url\" content=\"https:\/\/josefdavidssons.se\/en\/product\/wood-burning-stoves-and-cookers\/wood-burning-cooker-jd-227-kopia\/\" \/>\n<meta property=\"og:site_name\" content=\"Josef Davidssons Eftr.\" \/>\n<meta property=\"article:modified_time\" content=\"2025-10-16T06:52:44+00:00\" \/>\n<meta property=\"og:image\" content=\"https:\/\/josefdavidssons.se\/wp-content\/uploads\/2024\/05\/Vedspis_JD227_Plattor_101227001.jpg\" \/>\n\t<meta property=\"og:image:width\" content=\"1600\" \/>\n\t<meta property=\"og:image:height\" content=\"1600\" \/>\n\t<meta property=\"og:image:type\" content=\"image\/jpeg\" \/>\n<meta name=\"twitter:card\" content=\"summary_large_image\" \/>\n<meta name=\"twitter:label1\" content=\"Est. reading time\" \/>\n\t<meta name=\"twitter:data1\" content=\"3 minutes\" \/>\n<script type=\"application\/ld+json\" class=\"yoast-schema-graph\">{\"@context\":\"https:\/\/schema.org\",\"@graph\":[{\"@type\":\"WebPage\",\"@id\":\"https:\/\/josefdavidssons.se\/en\/product\/wood-burning-stoves-and-cookers\/wood-burning-cooker-jd-227-kopia\/\",\"url\":\"https:\/\/josefdavidssons.se\/en\/product\/wood-burning-stoves-and-cookers\/wood-burning-cooker-jd-227-kopia\/\",\"name\":\"Wood-burning stove JD 227 | Josef Davidssons\",\"isPartOf\":{\"@id\":\"https:\/\/josefdavidssons.se\/#website\"},\"primaryImageOfPage\":{\"@id\":\"https:\/\/josefdavidssons.se\/en\/product\/wood-burning-stoves-and-cookers\/wood-burning-cooker-jd-227-kopia\/#primaryimage\"},\"image\":{\"@id\":\"https:\/\/josefdavidssons.se\/en\/product\/wood-burning-stoves-and-cookers\/wood-burning-cooker-jd-227-kopia\/#primaryimage\"},\"thumbnailUrl\":\"https:\/\/josefdavidssons.se\/wp-content\/uploads\/2024\/05\/Vedspis_JD227_Plattor_101227001.jpg\",\"datePublished\":\"2024-05-30T12:13:21+00:00\",\"dateModified\":\"2025-10-16T06:52:44+00:00\",\"description\":\"Our new wood-burning stove, JD 227, have a complete griddle for maximum tightness and function. JD 227 is inspired by models from the 1950\u2019s.\",\"breadcrumb\":{\"@id\":\"https:\/\/josefdavidssons.se\/en\/product\/wood-burning-stoves-and-cookers\/wood-burning-cooker-jd-227-kopia\/#breadcrumb\"},\"inLanguage\":\"en-US\",\"potentialAction\":[{\"@type\":\"ReadAction\",\"target\":[\"https:\/\/josefdavidssons.se\/en\/product\/wood-burning-stoves-and-cookers\/wood-burning-cooker-jd-227-kopia\/\"]}]},{\"@type\":\"ImageObject\",\"inLanguage\":\"en-US\",\"@id\":\"https:\/\/josefdavidssons.se\/en\/product\/wood-burning-stoves-and-cookers\/wood-burning-cooker-jd-227-kopia\/#primaryimage\",\"url\":\"https:\/\/josefdavidssons.se\/wp-content\/uploads\/2024\/05\/Vedspis_JD227_Plattor_101227001.jpg\",\"contentUrl\":\"https:\/\/josefdavidssons.se\/wp-content\/uploads\/2024\/05\/Vedspis_JD227_Plattor_101227001.jpg\",\"width\":1600,\"height\":1600},{\"@type\":\"BreadcrumbList\",\"@id\":\"https:\/\/josefdavidssons.se\/en\/product\/wood-burning-stoves-and-cookers\/wood-burning-cooker-jd-227-kopia\/#breadcrumb\",\"itemListElement\":[{\"@type\":\"ListItem\",\"position\":1,\"name\":\"Home\",\"item\":\"https:\/\/josefdavidssons.se\/en\/\"},{\"@type\":\"ListItem\",\"position\":2,\"name\":\"Store\",\"item\":\"https:\/\/josefdavidssons.se\/en\/store\/\"},{\"@type\":\"ListItem\",\"position\":3,\"name\":\"Wood burning cooker | JD 227 Hotplates\"}]},{\"@type\":\"WebSite\",\"@id\":\"https:\/\/josefdavidssons.se\/#website\",\"url\":\"https:\/\/josefdavidssons.se\/\",\"name\":\"Josef Davidssons Eftr.\",\"description\":\"\",\"potentialAction\":[{\"@type\":\"SearchAction\",\"target\":{\"@type\":\"EntryPoint\",\"urlTemplate\":\"https:\/\/josefdavidssons.se\/?s={search_term_string}\"},\"query-input\":{\"@type\":\"PropertyValueSpecification\",\"valueRequired\":true,\"valueName\":\"search_term_string\"}}],\"inLanguage\":\"en-US\"}]}<\/script>\n<!-- \/ Yoast SEO plugin. -->","yoast_head_json":{"title":"Wood-burning stove JD 227 | Josef Davidssons","description":"Our new wood-burning stove, JD 227, have a complete griddle for maximum tightness and function. JD 227 is inspired by models from the 1950\u2019s.","robots":{"index":"index","follow":"follow","max-snippet":"max-snippet:-1","max-image-preview":"max-image-preview:large","max-video-preview":"max-video-preview:-1"},"canonical":"https:\/\/josefdavidssons.se\/en\/product\/wood-burning-stoves-and-cookers\/wood-burning-cooker-jd-227-kopia\/","og_locale":"en_US","og_type":"article","og_title":"Wood-burning stove JD 227 | Josef Davidssons","og_description":"Our new wood-burning stove, JD 227, have a complete griddle for maximum tightness and function. JD 227 is inspired by models from the 1950\u2019s.","og_url":"https:\/\/josefdavidssons.se\/en\/product\/wood-burning-stoves-and-cookers\/wood-burning-cooker-jd-227-kopia\/","og_site_name":"Josef Davidssons Eftr.","article_modified_time":"2025-10-16T06:52:44+00:00","og_image":[{"width":1600,"height":1600,"url":"https:\/\/josefdavidssons.se\/wp-content\/uploads\/2024\/05\/Vedspis_JD227_Plattor_101227001.jpg","type":"image\/jpeg"}],"twitter_card":"summary_large_image","twitter_misc":{"Est. reading time":"3 minutes"},"schema":{"@context":"https:\/\/schema.org","@graph":[{"@type":"WebPage","@id":"https:\/\/josefdavidssons.se\/en\/product\/wood-burning-stoves-and-cookers\/wood-burning-cooker-jd-227-kopia\/","url":"https:\/\/josefdavidssons.se\/en\/product\/wood-burning-stoves-and-cookers\/wood-burning-cooker-jd-227-kopia\/","name":"Wood-burning stove JD 227 | Josef Davidssons","isPartOf":{"@id":"https:\/\/josefdavidssons.se\/#website"},"primaryImageOfPage":{"@id":"https:\/\/josefdavidssons.se\/en\/product\/wood-burning-stoves-and-cookers\/wood-burning-cooker-jd-227-kopia\/#primaryimage"},"image":{"@id":"https:\/\/josefdavidssons.se\/en\/product\/wood-burning-stoves-and-cookers\/wood-burning-cooker-jd-227-kopia\/#primaryimage"},"thumbnailUrl":"https:\/\/josefdavidssons.se\/wp-content\/uploads\/2024\/05\/Vedspis_JD227_Plattor_101227001.jpg","datePublished":"2024-05-30T12:13:21+00:00","dateModified":"2025-10-16T06:52:44+00:00","description":"Our new wood-burning stove, JD 227, have a complete griddle for maximum tightness and function. JD 227 is inspired by models from the 1950\u2019s.","breadcrumb":{"@id":"https:\/\/josefdavidssons.se\/en\/product\/wood-burning-stoves-and-cookers\/wood-burning-cooker-jd-227-kopia\/#breadcrumb"},"inLanguage":"en-US","potentialAction":[{"@type":"ReadAction","target":["https:\/\/josefdavidssons.se\/en\/product\/wood-burning-stoves-and-cookers\/wood-burning-cooker-jd-227-kopia\/"]}]},{"@type":"ImageObject","inLanguage":"en-US","@id":"https:\/\/josefdavidssons.se\/en\/product\/wood-burning-stoves-and-cookers\/wood-burning-cooker-jd-227-kopia\/#primaryimage","url":"https:\/\/josefdavidssons.se\/wp-content\/uploads\/2024\/05\/Vedspis_JD227_Plattor_101227001.jpg","contentUrl":"https:\/\/josefdavidssons.se\/wp-content\/uploads\/2024\/05\/Vedspis_JD227_Plattor_101227001.jpg","width":1600,"height":1600},{"@type":"BreadcrumbList","@id":"https:\/\/josefdavidssons.se\/en\/product\/wood-burning-stoves-and-cookers\/wood-burning-cooker-jd-227-kopia\/#breadcrumb","itemListElement":[{"@type":"ListItem","position":1,"name":"Home","item":"https:\/\/josefdavidssons.se\/en\/"},{"@type":"ListItem","position":2,"name":"Store","item":"https:\/\/josefdavidssons.se\/en\/store\/"},{"@type":"ListItem","position":3,"name":"Wood burning cooker | JD 227 Hotplates"}]},{"@type":"WebSite","@id":"https:\/\/josefdavidssons.se\/#website","url":"https:\/\/josefdavidssons.se\/","name":"Josef Davidssons Eftr.","description":"","potentialAction":[{"@type":"SearchAction","target":{"@type":"EntryPoint","urlTemplate":"https:\/\/josefdavidssons.se\/?s={search_term_string}"},"query-input":{"@type":"PropertyValueSpecification","valueRequired":true,"valueName":"search_term_string"}}],"inLanguage":"en-US"}]}},"jetpack_sharing_enabled":true,"_links":{"self":[{"href":"https:\/\/josefdavidssons.se\/en\/wp-json\/wp\/v2\/product\/114667","targetHints":{"allow":["GET"]}}],"collection":[{"href":"https:\/\/josefdavidssons.se\/en\/wp-json\/wp\/v2\/product"}],"about":[{"href":"https:\/\/josefdavidssons.se\/en\/wp-json\/wp\/v2\/types\/product"}],"wp:featuredmedia":[{"embeddable":true,"href":"https:\/\/josefdavidssons.se\/en\/wp-json\/wp\/v2\/media\/114664"}],"wp:attachment":[{"href":"https:\/\/josefdavidssons.se\/en\/wp-json\/wp\/v2\/media?parent=114667"}],"wp:term":[{"taxonomy":"product_brand","embeddable":true,"href":"https:\/\/josefdavidssons.se\/en\/wp-json\/wp\/v2\/product_brand?post=114667"},{"taxonomy":"product_cat","embeddable":true,"href":"https:\/\/josefdavidssons.se\/en\/wp-json\/wp\/v2\/product_cat?post=114667"},{"taxonomy":"product_tag","embeddable":true,"href":"https:\/\/josefdavidssons.se\/en\/wp-json\/wp\/v2\/product_tag?post=114667"}],"curies":[{"name":"wp","href":"https:\/\/api.w.org\/{rel}","templated":true}]}}