

{"id":128379,"date":"2026-03-31T01:00:41","date_gmt":"2026-03-31T00:00:41","guid":{"rendered":"https:\/\/josefdavidssons.se\/?post_type=product&#038;p=128379"},"modified":"2026-03-31T06:19:42","modified_gmt":"2026-03-31T05:19:42","slug":"wood-burning-cooker-heimdall-390-top-connected-black","status":"publish","type":"product","link":"https:\/\/josefdavidssons.se\/en\/product\/wood-burning-stoves-and-cookers\/wood-burning-cooker-heimdall-390-top-connected-black\/","title":{"rendered":"Wood burning cooker Heimdall 390 | Black"},"content":{"rendered":"<h2>Discover tradition and warmth with<br \/>\nthe Swedish-made Heimdall 390<\/h2>\n<p>With over 140 years of history and development, this wood-burning stove offers a unique combination of tradition and modern combustion technology. Maximum heat output is made possible in a sustainable way, to create a warm and pleasant atmosphere in your home. Our wood-burning stove is created to be both useful and enjoyable for a long time to come.<\/p>\n<ul>\n<li>Made in Sweden<\/li>\n<li>Convection element that spreads warmth<\/li>\n<li>Narrow wood burning cooker. Only 39 cm wide.<\/li>\n<\/ul>\n<h3>A natural part of new home dreams<\/h3>\n<p>Heimdall 390 is designed to suit today\u2019s kitchens \u2013 with a modern design language that blends just as beautifully with classic cabinetry as it does with contemporary interiors. The result is a wood-burning stove that not only fulfills its function, but also becomes a natural part of the kitchen\u2019s overall look and feel.<\/p>\n<h3>Wood stove without the hassle!<\/h3>\n<p>Discover a wood stove without the hassle! Forget setting stones up in the fireplace and other changes that wood-burning stove users regularly have to make. With the Heimdall 390, maintenance is minimal \u2013 only the two vermiculite sheets in the fireplace need to be replaced with a service. Choose the Heimdall 390 for simplicity and comfort , every time you light the fire.<\/p>\n<p>&nbsp;<\/p>\n<p><a href=\"https:\/\/josefdavidssons.se\/wp-content\/uploads\/2026\/03\/Heimdall_390_tekniskfakta-web.jpg\"><img fetchpriority=\"high\" decoding=\"async\" class=\"alignnone size-full wp-image-128338\" src=\"https:\/\/josefdavidssons.se\/wp-content\/uploads\/2026\/03\/Heimdall_390_tekniskfakta-web.jpg\" alt=\"\" width=\"988\" height=\"1024\" srcset=\"https:\/\/josefdavidssons.se\/wp-content\/uploads\/2026\/03\/Heimdall_390_tekniskfakta-web.jpg 988w, https:\/\/josefdavidssons.se\/wp-content\/uploads\/2026\/03\/Heimdall_390_tekniskfakta-web-289x300.jpg 289w, https:\/\/josefdavidssons.se\/wp-content\/uploads\/2026\/03\/Heimdall_390_tekniskfakta-web-145x150.jpg 145w, https:\/\/josefdavidssons.se\/wp-content\/uploads\/2026\/03\/Heimdall_390_tekniskfakta-web-768x796.jpg 768w, https:\/\/josefdavidssons.se\/wp-content\/uploads\/2026\/03\/Heimdall_390_tekniskfakta-web-660x684.jpg 660w, https:\/\/josefdavidssons.se\/wp-content\/uploads\/2026\/03\/Heimdall_390_tekniskfakta-web-800x829.jpg 800w\" sizes=\"(max-width: 988px) 100vw, 988px\" \/><\/a><\/p>\n<p>&nbsp;<\/p>\n<p><strong>1. FLUE GAS DAMPER<\/strong><br \/>\nThe rear-connected stove is equipped with a flue gas damper, adjustable via a lever located at the back edge of the cooktop.<\/p>\n<p><strong>2. HEIGHT ADJUSTMENT<\/strong><br \/>\nFour adjustment screws on the top of the stove allow for easy and accessible height adjustment.<\/p>\n<p><strong>3. OUTSIDE AIR<\/strong><br \/>\nThe stove is prepared for connection to an external air supply.<\/p>\n<p><strong>4. MADE IN SWEDEN<\/strong><br \/>\nHeimdall 390 is manufactured at AB Josef Davidsson\u2019s factory in Reftele, Sm\u00e5land.<\/p>\n<p><strong>5. SOOT HATCH<\/strong><br \/>\nA soot hatch is located behind the front panel for easier cleaning.<\/p>\n<p><strong>6. SECONDARY AIR DIAL<\/strong><br \/>\nAdjust the flow of preheated secondary air for efficient combustion.<\/p>\n<p><strong>7. PRIMARY AIR DIAL<\/strong><br \/>\nAdjust the amount of combustion air supplied directly to the firebox.<\/p>\n<p><strong>8. INSTALLATION WHEELS<\/strong><br \/>\nThe stove is equipped with wheels for smooth and easy installation.<\/p>\n<p><strong>9. PLINTH PLATE<\/strong><br \/>\nThe original base plinth is adjustable and fits the stove when the height is between 880\u2013920 mm.<\/p>\n<p><strong>10. DRAWER<\/strong><br \/>\nA practical storage space \u2013 perfect for kindling and fire starters.<\/p>\n<p><strong>11. CONVECTION HEATER<\/strong><br \/>\nEffectively distributes air throughout the room, allowing the stove to be placed directly against combustible material with only a 5 mm air gap. No additional accessories are required.<\/p>\n<p><strong>12. GENEROUS COOKTOP<\/strong><br \/>\nTwo-piece steel cooktop measuring 500 \u00d7 265 \u00d7 5 mm.<\/p>\n","protected":false},"excerpt":{"rendered":"<p>Top connected. Experience a hassle-free wood stove! Say goodbye to replacing firebox stones and other tedious maintenance tasks that traditional wood stoves demand. The Heimdall 390 from Josef Davidssons AB provides a modern solution that simplifies wood-fired cooking!<\/p>\n<p>&nbsp;<\/p>\n","protected":false},"featured_media":128039,"template":"","meta":{"_acf_changed":false,"content-type":""},"product_brand":[],"product_cat":[791],"product_tag":[],"class_list":{"0":"post-128379","1":"product","2":"type-product","3":"status-publish","4":"has-post-thumbnail","6":"product_cat-wood-burning-stoves-and-cookers","7":"product_shipping_class-fraktklass-b","9":"first","10":"outofstock","11":"featured","12":"taxable","13":"shipping-taxable","14":"product-type-simple"},"exclude_global_add_ons":false,"addons":[{"name":"M\u00e4rkning","type":"heading","position":0,"required":false,"title_format":"label","default":"","description_enable":true,"description":"F\u00f6r v\u00e5ra \u00e5terf\u00f6rs\u00e4ljare\r\nH\u00e4r kan du skriva en m\u00e4rkning f\u00f6r produkten som du sedan kan urskilja i din order. ","placeholder_enable":false,"placeholder":"","display":"select","restrictions_type":"any_text","adjust_price":false,"price":"","price_type":"flat_fee","restrictions":false,"min":"0","max":"0","options":[],"id":1685548929},{"name":"M\u00e4rkning","type":"custom_text","position":1,"required":false,"title_format":"hide","default":"","description_enable":false,"description":"","placeholder_enable":false,"placeholder":"","display":"select","restrictions_type":"any_text","adjust_price":false,"price":"","price_type":"quantity_based","restrictions":false,"min":"0","max":"0","options":[],"id":1685548930},{"name":"M\u00e5tt","type":"heading","position":0,"required":false,"title_format":"label","default":"","description_enable":true,"description":"F\u00f6r att vi ska kunna tillverka denna askl\u00e5da beh\u00f6ver vi veta dina m\u00e5tt. M\u00e5nga \u00e4ldre spisar har f\u00f6r\u00e4ndrats genom \u00e5ren och m\u00e5tten skiljer sig mellan spisarna\r\nOBS! Upptill tv\u00e5 veckors leveranstid p\u00e5 specialbest\u00e4llda askl\u00e5dor.","placeholder_enable":false,"placeholder":"","display":"select","restrictions_type":"any_text","adjust_price":false,"price":"","price_type":"","restrictions":false,"min":"0","max":"0","options":[]},{"name":"L\u00e4ngd","type":"custom_textarea","position":0,"required":true,"title_format":"label","default":"","description_enable":false,"description":"","placeholder_enable":false,"placeholder":"","display":"select","restrictions_type":"","adjust_price":false,"price":"","price_type":"quantity_based","restrictions":false,"min":"","max":"","options":[]},{"name":"Bredd","type":"custom_textarea","position":0,"required":true,"title_format":"label","default":"","description_enable":false,"description":"","placeholder_enable":false,"placeholder":"","display":"select","restrictions_type":"","adjust_price":false,"price":"","price_type":"quantity_based","restrictions":false,"min":"","max":"","options":[]},{"name":"H\u00f6jd","type":"custom_textarea","position":0,"required":true,"title_format":"label","default":"","description_enable":false,"description":"","placeholder_enable":false,"placeholder":"","display":"select","restrictions_type":"","adjust_price":false,"price":"","price_type":"quantity_based","restrictions":false,"min":"","max":"","options":[]},{"name":"M\u00e5tt f\u00f6r bakpl\u00e5t","type":"heading","position":0,"required":false,"title_format":"label","default":"","description_enable":true,"description":"F\u00f6r att vi ska kunna tillverka denna bakpl\u00e5t beh\u00f6ver vi veta dina m\u00e5tt. M\u00e5nga \u00e4ldre spisar har f\u00f6r\u00e4ndrats genom \u00e5ren och m\u00e5tten skiljer sig mellan spisarna. \r\nOBS! Upptill tv\u00e5 veckors leveranstid p\u00e5 specialbest\u00e4llda bakpl\u00e5tar.","placeholder_enable":false,"placeholder":"","display":"select","restrictions_type":"any_text","adjust_price":false,"price":"","price_type":"","restrictions":false,"min":"0","max":"0","options":[]},{"name":"Bredd i mm","type":"custom_textarea","position":0,"required":true,"title_format":"label","default":"","description_enable":false,"description":"","placeholder_enable":false,"placeholder":"","display":"select","restrictions_type":"","adjust_price":false,"price":"","price_type":"quantity_based","restrictions":true,"min":"1","max":"","options":[]},{"name":"L\u00e4ngd i mm","type":"custom_textarea","position":0,"required":true,"title_format":"label","default":"","description_enable":false,"description":"","placeholder_enable":false,"placeholder":"","display":"select","restrictions_type":"","adjust_price":false,"price":"","price_type":"quantity_based","restrictions":true,"min":"1","max":"","options":[]}],"acf":[],"yoast_head":"<!-- This site is optimized with the Yoast SEO plugin v27.0 - https:\/\/yoast.com\/product\/yoast-seo-wordpress\/ -->\n<title>Wood burning cooker Heimdall 390 | Black | Josef Davidssons Eftr.<\/title>\n<meta name=\"description\" content=\"Du hittar Wood burning cooker Heimdall 390 | Black och m\u00e5nga andra produkter, tillbeh\u00f6r och reservdelar f\u00f6r vedspisar och kaminer hos Josef Davidssons Eftr.\" \/>\n<meta name=\"robots\" content=\"index, follow, max-snippet:-1, max-image-preview:large, max-video-preview:-1\" \/>\n<link rel=\"canonical\" href=\"https:\/\/josefdavidssons.se\/produkt\/vedspisar-och-kaminer\/vedspis-heimdall-390-toppanslutning-svart\/\" \/>\n<meta property=\"og:locale\" content=\"en_US\" \/>\n<meta property=\"og:type\" content=\"article\" \/>\n<meta property=\"og:title\" content=\"Wood burning cooker Heimdall 390 | Black | Josef Davidssons Eftr.\" \/>\n<meta property=\"og:description\" content=\"Du hittar Wood burning cooker Heimdall 390 | Black och m\u00e5nga andra produkter, tillbeh\u00f6r och reservdelar f\u00f6r vedspisar och kaminer hos Josef Davidssons Eftr.\" \/>\n<meta property=\"og:url\" content=\"https:\/\/josefdavidssons.se\/produkt\/vedspisar-och-kaminer\/vedspis-heimdall-390-toppanslutning-svart\/\" \/>\n<meta property=\"og:site_name\" content=\"Josef Davidssons Eftr.\" \/>\n<meta property=\"article:modified_time\" content=\"2026-03-31T05:19:42+00:00\" \/>\n<meta property=\"og:image\" content=\"https:\/\/josefdavidssons.se\/wp-content\/uploads\/2026\/03\/Heimdall_390_svart_toppmonterad-1024.jpg\" \/>\n\t<meta property=\"og:image:width\" content=\"1024\" \/>\n\t<meta property=\"og:image:height\" content=\"1024\" \/>\n\t<meta property=\"og:image:type\" content=\"image\/jpeg\" \/>\n<meta name=\"twitter:card\" content=\"summary_large_image\" \/>\n<meta name=\"twitter:label1\" content=\"Est. reading time\" \/>\n\t<meta name=\"twitter:data1\" content=\"3 minutes\" \/>\n<script type=\"application\/ld+json\" class=\"yoast-schema-graph\">{\"@context\":\"https:\/\/schema.org\",\"@graph\":[{\"@type\":\"WebPage\",\"@id\":\"https:\/\/josefdavidssons.se\/produkt\/vedspisar-och-kaminer\/vedspis-heimdall-390-toppanslutning-svart\/\",\"url\":\"https:\/\/josefdavidssons.se\/produkt\/vedspisar-och-kaminer\/vedspis-heimdall-390-toppanslutning-svart\/\",\"name\":\"Wood burning cooker Heimdall 390 | Black | Josef Davidssons Eftr.\",\"isPartOf\":{\"@id\":\"https:\/\/josefdavidssons.se\/#website\"},\"primaryImageOfPage\":{\"@id\":\"https:\/\/josefdavidssons.se\/produkt\/vedspisar-och-kaminer\/vedspis-heimdall-390-toppanslutning-svart\/#primaryimage\"},\"image\":{\"@id\":\"https:\/\/josefdavidssons.se\/produkt\/vedspisar-och-kaminer\/vedspis-heimdall-390-toppanslutning-svart\/#primaryimage\"},\"thumbnailUrl\":\"https:\/\/josefdavidssons.se\/wp-content\/uploads\/2026\/03\/Heimdall_390_svart_toppmonterad-1024.jpg\",\"datePublished\":\"2026-03-31T00:00:41+00:00\",\"dateModified\":\"2026-03-31T05:19:42+00:00\",\"description\":\"Du hittar Wood burning cooker Heimdall 390 | Black och m\u00e5nga andra produkter, tillbeh\u00f6r och reservdelar f\u00f6r vedspisar och kaminer hos Josef Davidssons Eftr.\",\"breadcrumb\":{\"@id\":\"https:\/\/josefdavidssons.se\/produkt\/vedspisar-och-kaminer\/vedspis-heimdall-390-toppanslutning-svart\/#breadcrumb\"},\"inLanguage\":\"en-US\",\"potentialAction\":[{\"@type\":\"ReadAction\",\"target\":[\"https:\/\/josefdavidssons.se\/produkt\/vedspisar-och-kaminer\/vedspis-heimdall-390-toppanslutning-svart\/\"]}]},{\"@type\":\"ImageObject\",\"inLanguage\":\"en-US\",\"@id\":\"https:\/\/josefdavidssons.se\/produkt\/vedspisar-och-kaminer\/vedspis-heimdall-390-toppanslutning-svart\/#primaryimage\",\"url\":\"https:\/\/josefdavidssons.se\/wp-content\/uploads\/2026\/03\/Heimdall_390_svart_toppmonterad-1024.jpg\",\"contentUrl\":\"https:\/\/josefdavidssons.se\/wp-content\/uploads\/2026\/03\/Heimdall_390_svart_toppmonterad-1024.jpg\",\"width\":1024,\"height\":1024},{\"@type\":\"BreadcrumbList\",\"@id\":\"https:\/\/josefdavidssons.se\/produkt\/vedspisar-och-kaminer\/vedspis-heimdall-390-toppanslutning-svart\/#breadcrumb\",\"itemListElement\":[{\"@type\":\"ListItem\",\"position\":1,\"name\":\"Home\",\"item\":\"https:\/\/josefdavidssons.se\/en\/\"},{\"@type\":\"ListItem\",\"position\":2,\"name\":\"Store\",\"item\":\"https:\/\/josefdavidssons.se\/en\/store\/\"},{\"@type\":\"ListItem\",\"position\":3,\"name\":\"Wood burning cooker Heimdall 390 | Black\"}]},{\"@type\":\"WebSite\",\"@id\":\"https:\/\/josefdavidssons.se\/#website\",\"url\":\"https:\/\/josefdavidssons.se\/\",\"name\":\"Josef Davidssons Eftr.\",\"description\":\"\",\"potentialAction\":[{\"@type\":\"SearchAction\",\"target\":{\"@type\":\"EntryPoint\",\"urlTemplate\":\"https:\/\/josefdavidssons.se\/?s={search_term_string}\"},\"query-input\":{\"@type\":\"PropertyValueSpecification\",\"valueRequired\":true,\"valueName\":\"search_term_string\"}}],\"inLanguage\":\"en-US\"}]}<\/script>\n<!-- \/ Yoast SEO plugin. -->","yoast_head_json":{"title":"Wood burning cooker Heimdall 390 | Black | Josef Davidssons Eftr.","description":"Du hittar Wood burning cooker Heimdall 390 | Black och m\u00e5nga andra produkter, tillbeh\u00f6r och reservdelar f\u00f6r vedspisar och kaminer hos Josef Davidssons Eftr.","robots":{"index":"index","follow":"follow","max-snippet":"max-snippet:-1","max-image-preview":"max-image-preview:large","max-video-preview":"max-video-preview:-1"},"canonical":"https:\/\/josefdavidssons.se\/produkt\/vedspisar-och-kaminer\/vedspis-heimdall-390-toppanslutning-svart\/","og_locale":"en_US","og_type":"article","og_title":"Wood burning cooker Heimdall 390 | Black | Josef Davidssons Eftr.","og_description":"Du hittar Wood burning cooker Heimdall 390 | Black och m\u00e5nga andra produkter, tillbeh\u00f6r och reservdelar f\u00f6r vedspisar och kaminer hos Josef Davidssons Eftr.","og_url":"https:\/\/josefdavidssons.se\/produkt\/vedspisar-och-kaminer\/vedspis-heimdall-390-toppanslutning-svart\/","og_site_name":"Josef Davidssons Eftr.","article_modified_time":"2026-03-31T05:19:42+00:00","og_image":[{"width":1024,"height":1024,"url":"https:\/\/josefdavidssons.se\/wp-content\/uploads\/2026\/03\/Heimdall_390_svart_toppmonterad-1024.jpg","type":"image\/jpeg"}],"twitter_card":"summary_large_image","twitter_misc":{"Est. reading time":"3 minutes"},"schema":{"@context":"https:\/\/schema.org","@graph":[{"@type":"WebPage","@id":"https:\/\/josefdavidssons.se\/produkt\/vedspisar-och-kaminer\/vedspis-heimdall-390-toppanslutning-svart\/","url":"https:\/\/josefdavidssons.se\/produkt\/vedspisar-och-kaminer\/vedspis-heimdall-390-toppanslutning-svart\/","name":"Wood burning cooker Heimdall 390 | Black | Josef Davidssons Eftr.","isPartOf":{"@id":"https:\/\/josefdavidssons.se\/#website"},"primaryImageOfPage":{"@id":"https:\/\/josefdavidssons.se\/produkt\/vedspisar-och-kaminer\/vedspis-heimdall-390-toppanslutning-svart\/#primaryimage"},"image":{"@id":"https:\/\/josefdavidssons.se\/produkt\/vedspisar-och-kaminer\/vedspis-heimdall-390-toppanslutning-svart\/#primaryimage"},"thumbnailUrl":"https:\/\/josefdavidssons.se\/wp-content\/uploads\/2026\/03\/Heimdall_390_svart_toppmonterad-1024.jpg","datePublished":"2026-03-31T00:00:41+00:00","dateModified":"2026-03-31T05:19:42+00:00","description":"Du hittar Wood burning cooker Heimdall 390 | Black och m\u00e5nga andra produkter, tillbeh\u00f6r och reservdelar f\u00f6r vedspisar och kaminer hos Josef Davidssons Eftr.","breadcrumb":{"@id":"https:\/\/josefdavidssons.se\/produkt\/vedspisar-och-kaminer\/vedspis-heimdall-390-toppanslutning-svart\/#breadcrumb"},"inLanguage":"en-US","potentialAction":[{"@type":"ReadAction","target":["https:\/\/josefdavidssons.se\/produkt\/vedspisar-och-kaminer\/vedspis-heimdall-390-toppanslutning-svart\/"]}]},{"@type":"ImageObject","inLanguage":"en-US","@id":"https:\/\/josefdavidssons.se\/produkt\/vedspisar-och-kaminer\/vedspis-heimdall-390-toppanslutning-svart\/#primaryimage","url":"https:\/\/josefdavidssons.se\/wp-content\/uploads\/2026\/03\/Heimdall_390_svart_toppmonterad-1024.jpg","contentUrl":"https:\/\/josefdavidssons.se\/wp-content\/uploads\/2026\/03\/Heimdall_390_svart_toppmonterad-1024.jpg","width":1024,"height":1024},{"@type":"BreadcrumbList","@id":"https:\/\/josefdavidssons.se\/produkt\/vedspisar-och-kaminer\/vedspis-heimdall-390-toppanslutning-svart\/#breadcrumb","itemListElement":[{"@type":"ListItem","position":1,"name":"Home","item":"https:\/\/josefdavidssons.se\/en\/"},{"@type":"ListItem","position":2,"name":"Store","item":"https:\/\/josefdavidssons.se\/en\/store\/"},{"@type":"ListItem","position":3,"name":"Wood burning cooker Heimdall 390 | Black"}]},{"@type":"WebSite","@id":"https:\/\/josefdavidssons.se\/#website","url":"https:\/\/josefdavidssons.se\/","name":"Josef Davidssons Eftr.","description":"","potentialAction":[{"@type":"SearchAction","target":{"@type":"EntryPoint","urlTemplate":"https:\/\/josefdavidssons.se\/?s={search_term_string}"},"query-input":{"@type":"PropertyValueSpecification","valueRequired":true,"valueName":"search_term_string"}}],"inLanguage":"en-US"}]}},"jetpack_sharing_enabled":true,"_links":{"self":[{"href":"https:\/\/josefdavidssons.se\/en\/wp-json\/wp\/v2\/product\/128379","targetHints":{"allow":["GET"]}}],"collection":[{"href":"https:\/\/josefdavidssons.se\/en\/wp-json\/wp\/v2\/product"}],"about":[{"href":"https:\/\/josefdavidssons.se\/en\/wp-json\/wp\/v2\/types\/product"}],"wp:featuredmedia":[{"embeddable":true,"href":"https:\/\/josefdavidssons.se\/en\/wp-json\/wp\/v2\/media\/128039"}],"wp:attachment":[{"href":"https:\/\/josefdavidssons.se\/en\/wp-json\/wp\/v2\/media?parent=128379"}],"wp:term":[{"taxonomy":"product_brand","embeddable":true,"href":"https:\/\/josefdavidssons.se\/en\/wp-json\/wp\/v2\/product_brand?post=128379"},{"taxonomy":"product_cat","embeddable":true,"href":"https:\/\/josefdavidssons.se\/en\/wp-json\/wp\/v2\/product_cat?post=128379"},{"taxonomy":"product_tag","embeddable":true,"href":"https:\/\/josefdavidssons.se\/en\/wp-json\/wp\/v2\/product_tag?post=128379"}],"curies":[{"name":"wp","href":"https:\/\/api.w.org\/{rel}","templated":true}]}}