

{"id":42023,"date":"2015-04-23T11:25:27","date_gmt":"2015-04-23T10:25:27","guid":{"rendered":"http:\/\/staging.josefdavidssons.se\/produkt\/smalandsspisen-28-2\/"},"modified":"2026-04-28T23:36:56","modified_gmt":"2026-04-28T22:36:56","slug":"smalandsspisen-28","status":"publish","type":"product","link":"https:\/\/josefdavidssons.se\/en\/product\/wood-burning-stoves-and-cookers\/smalandsspisen-28\/","title":{"rendered":"Wood burning cooker | Sm\u00e5landsspisen 28"},"content":{"rendered":"<h2>Sm\u00e5landsspisen 28 \u2013 a solid wood-burning cooker with that little extra<\/h2>\n<p>The Sm\u00e5landsspisen 28 is a small wood stove cooker with a robust fireplace. The stove creates a lovely atmosphere in the room with its warmth and the crackling of the fire. Other advantages of a modern wood-burning cooker are that it has efficient combustion, can reduce electricity costs, and you can cook on it. The Sm\u00e5landsspisen 28 also has a smaller oven. It&#8217;s simply a great addition to the electric stove.<\/p>\n<h2>Sustainable materials and beautiful design<\/h2>\n<p>Sm\u00e5landsspisen 28 is made of extra thick cast iron for a long lifespan, and the doors are adorned with beautiful ornamentation. The size of the wood stove makes it easy to install even in smaller homes and vacation houses. The Sm\u00e5landsspisen blends perfectly with a traditional and rural interior style, and it becomes a stylish contrast in more modernly furnished homes. By mixing old and new, the house takes on a personal and unique feel.<\/p>\n<p>The wood stove&#8217;s oven ceiling is covered with a maintenance-free 15-millimetre thick soapstone slab. If you fill the oven with a soapstone set, it will retain heat throughout the night. When you order the stove, it comes with the following:<\/p>\n<ul>\n<li>a fireplace poker<\/li>\n<li>a soot rake<\/li>\n<li>an ash pan<\/li>\n<li>black stove polish<\/li>\n<li>fire cement<\/li>\n<li>a thermometer<\/li>\n<li>a baking sheet<\/li>\n<li>stovetop rings<\/li>\n<\/ul>\n<p>For an additional cost, planned cooking plates are also available. As an extra accessory, there is a leg stand that the stove can be mounted on, together with an enamelled floor plate. This model has a rear connection and also includes a chimney and smoke connection. The Sm\u00e5landsspisen is also available with a top connection. Choose the model that fits your needs.<\/p>\n<h2>New parts for the Sm\u00e5landsspisen 28?<\/h2>\n<p>Old iron stoves and fireplaces that have been left unused may appear to be in very poor condition at first glance. The good news is that you can often save them with a bit of time and care. Do you have problems with rust or worn-out burner and grate components? No problem, it&#8217;s easy to fix. Please read our post on firebrick and spare parts.In our online store you will also find many accessories for your wood-burning cooker. You can buy anything from maintenance products to stylish firewood buckets and handles.<\/p>\n","protected":false},"excerpt":{"rendered":"<p>Rear-connected, compact and lightweight cast iron cooker. Ideal when space is limited.<\/p>\n","protected":false},"featured_media":79530,"template":"","meta":{"_acf_changed":false,"content-type":""},"product_brand":[],"product_cat":[791],"product_tag":[],"class_list":{"0":"post-42023","1":"product","2":"type-product","3":"status-publish","4":"has-post-thumbnail","6":"product_cat-wood-burning-stoves-and-cookers","7":"product_shipping_class-fraktklass-b","9":"first","10":"onbackorder","11":"sale","12":"featured","13":"taxable","14":"shipping-taxable","15":"purchasable","16":"product-type-simple"},"exclude_global_add_ons":false,"addons":[{"name":"M\u00e4rkning","type":"heading","position":0,"required":false,"title_format":"label","default":"","description_enable":true,"description":"F\u00f6r v\u00e5ra \u00e5terf\u00f6rs\u00e4ljare\r\nH\u00e4r kan du skriva en m\u00e4rkning f\u00f6r produkten som du sedan kan urskilja i din order. ","placeholder_enable":false,"placeholder":"","display":"select","restrictions_type":"any_text","adjust_price":false,"price":"","price_type":"flat_fee","restrictions":false,"min":"0","max":"0","options":[],"id":1685548929},{"name":"M\u00e4rkning","type":"custom_text","position":1,"required":false,"title_format":"hide","default":"","description_enable":false,"description":"","placeholder_enable":false,"placeholder":"","display":"select","restrictions_type":"any_text","adjust_price":false,"price":"","price_type":"quantity_based","restrictions":false,"min":"0","max":"0","options":[],"id":1685548930},{"name":"M\u00e5tt","type":"heading","position":0,"required":false,"title_format":"label","default":"","description_enable":true,"description":"F\u00f6r att vi ska kunna tillverka denna askl\u00e5da beh\u00f6ver vi veta dina m\u00e5tt. M\u00e5nga \u00e4ldre spisar har f\u00f6r\u00e4ndrats genom \u00e5ren och m\u00e5tten skiljer sig mellan spisarna\r\nOBS! Upptill tv\u00e5 veckors leveranstid p\u00e5 specialbest\u00e4llda askl\u00e5dor.","placeholder_enable":false,"placeholder":"","display":"select","restrictions_type":"any_text","adjust_price":false,"price":"","price_type":"","restrictions":false,"min":"0","max":"0","options":[]},{"name":"L\u00e4ngd","type":"custom_textarea","position":0,"required":true,"title_format":"label","default":"","description_enable":false,"description":"","placeholder_enable":false,"placeholder":"","display":"select","restrictions_type":"","adjust_price":false,"price":"","price_type":"quantity_based","restrictions":false,"min":"","max":"","options":[]},{"name":"Bredd","type":"custom_textarea","position":0,"required":true,"title_format":"label","default":"","description_enable":false,"description":"","placeholder_enable":false,"placeholder":"","display":"select","restrictions_type":"","adjust_price":false,"price":"","price_type":"quantity_based","restrictions":false,"min":"","max":"","options":[]},{"name":"H\u00f6jd","type":"custom_textarea","position":0,"required":true,"title_format":"label","default":"","description_enable":false,"description":"","placeholder_enable":false,"placeholder":"","display":"select","restrictions_type":"","adjust_price":false,"price":"","price_type":"quantity_based","restrictions":false,"min":"","max":"","options":[]},{"name":"M\u00e5tt f\u00f6r bakpl\u00e5t","type":"heading","position":0,"required":false,"title_format":"label","default":"","description_enable":true,"description":"F\u00f6r att vi ska kunna tillverka denna bakpl\u00e5t beh\u00f6ver vi veta dina m\u00e5tt. M\u00e5nga \u00e4ldre spisar har f\u00f6r\u00e4ndrats genom \u00e5ren och m\u00e5tten skiljer sig mellan spisarna. \r\nOBS! Upptill tv\u00e5 veckors leveranstid p\u00e5 specialbest\u00e4llda bakpl\u00e5tar.","placeholder_enable":false,"placeholder":"","display":"select","restrictions_type":"any_text","adjust_price":false,"price":"","price_type":"","restrictions":false,"min":"0","max":"0","options":[]},{"name":"Bredd i mm","type":"custom_textarea","position":0,"required":true,"title_format":"label","default":"","description_enable":false,"description":"","placeholder_enable":false,"placeholder":"","display":"select","restrictions_type":"","adjust_price":false,"price":"","price_type":"quantity_based","restrictions":true,"min":"1","max":"","options":[]},{"name":"L\u00e4ngd i mm","type":"custom_textarea","position":0,"required":true,"title_format":"label","default":"","description_enable":false,"description":"","placeholder_enable":false,"placeholder":"","display":"select","restrictions_type":"","adjust_price":false,"price":"","price_type":"quantity_based","restrictions":true,"min":"1","max":"","options":[]}],"acf":[],"yoast_head":"<!-- This site is optimized with the Yoast SEO plugin v27.4 - https:\/\/yoast.com\/product\/yoast-seo-wordpress\/ -->\n<title>Sm\u00e5landsspisen 28 | For the smaller kitchen | Josef Davidssons<\/title>\n<meta name=\"description\" content=\"Sm\u00e5landsspisen 28 really proves that good design and function outlive trends and technical extravagances. As hot today as it was in the 1910\u2019s.\" \/>\n<meta name=\"robots\" content=\"index, follow, max-snippet:-1, max-image-preview:large, max-video-preview:-1\" \/>\n<link rel=\"canonical\" href=\"https:\/\/josefdavidssons.se\/produkt\/vedspisar-och-kaminer\/smalandsspisen-28\/\" \/>\n<meta property=\"og:locale\" content=\"en_US\" \/>\n<meta property=\"og:type\" content=\"article\" \/>\n<meta property=\"og:title\" content=\"Sm\u00e5landsspisen 28 | For the smaller kitchen | Josef Davidssons\" \/>\n<meta property=\"og:description\" content=\"Sm\u00e5landsspisen 28 really proves that good design and function outlive trends and technical extravagances. As hot today as it was in the 1910\u2019s.\" \/>\n<meta property=\"og:url\" content=\"https:\/\/josefdavidssons.se\/produkt\/vedspisar-och-kaminer\/smalandsspisen-28\/\" \/>\n<meta property=\"og:site_name\" content=\"Josef Davidssons Eftr.\" \/>\n<meta property=\"article:modified_time\" content=\"2026-04-28T22:36:56+00:00\" \/>\n<meta property=\"og:image\" content=\"https:\/\/josefdavidssons.se\/wp-content\/uploads\/2020\/03\/josefdavidssons_sma\u030alandsspisen_28_produkt-1.jpg\" \/>\n\t<meta property=\"og:image:width\" content=\"1920\" \/>\n\t<meta property=\"og:image:height\" content=\"1920\" \/>\n\t<meta property=\"og:image:type\" content=\"image\/jpeg\" \/>\n<meta name=\"twitter:card\" content=\"summary_large_image\" \/>\n<meta name=\"twitter:label1\" content=\"Est. reading time\" \/>\n\t<meta name=\"twitter:data1\" content=\"3 minutes\" \/>\n<script type=\"application\/ld+json\" class=\"yoast-schema-graph\">{\"@context\":\"https:\\\/\\\/schema.org\",\"@graph\":[{\"@type\":\"WebPage\",\"@id\":\"https:\\\/\\\/josefdavidssons.se\\\/produkt\\\/vedspisar-och-kaminer\\\/smalandsspisen-28\\\/\",\"url\":\"https:\\\/\\\/josefdavidssons.se\\\/produkt\\\/vedspisar-och-kaminer\\\/smalandsspisen-28\\\/\",\"name\":\"Sm\u00e5landsspisen 28 | For the smaller kitchen | Josef Davidssons\",\"isPartOf\":{\"@id\":\"https:\\\/\\\/josefdavidssons.se\\\/#website\"},\"primaryImageOfPage\":{\"@id\":\"https:\\\/\\\/josefdavidssons.se\\\/produkt\\\/vedspisar-och-kaminer\\\/smalandsspisen-28\\\/#primaryimage\"},\"image\":{\"@id\":\"https:\\\/\\\/josefdavidssons.se\\\/produkt\\\/vedspisar-och-kaminer\\\/smalandsspisen-28\\\/#primaryimage\"},\"thumbnailUrl\":\"https:\\\/\\\/josefdavidssons.se\\\/wp-content\\\/uploads\\\/2020\\\/03\\\/josefdavidssons_sma\u030alandsspisen_28_produkt-1.jpg\",\"datePublished\":\"2015-04-23T10:25:27+00:00\",\"dateModified\":\"2026-04-28T22:36:56+00:00\",\"description\":\"Sm\u00e5landsspisen 28 really proves that good design and function outlive trends and technical extravagances. As hot today as it was in the 1910\u2019s.\",\"breadcrumb\":{\"@id\":\"https:\\\/\\\/josefdavidssons.se\\\/produkt\\\/vedspisar-och-kaminer\\\/smalandsspisen-28\\\/#breadcrumb\"},\"inLanguage\":\"en-US\",\"potentialAction\":[{\"@type\":\"ReadAction\",\"target\":[\"https:\\\/\\\/josefdavidssons.se\\\/produkt\\\/vedspisar-och-kaminer\\\/smalandsspisen-28\\\/\"]}]},{\"@type\":\"ImageObject\",\"inLanguage\":\"en-US\",\"@id\":\"https:\\\/\\\/josefdavidssons.se\\\/produkt\\\/vedspisar-och-kaminer\\\/smalandsspisen-28\\\/#primaryimage\",\"url\":\"https:\\\/\\\/josefdavidssons.se\\\/wp-content\\\/uploads\\\/2020\\\/03\\\/josefdavidssons_sma\u030alandsspisen_28_produkt-1.jpg\",\"contentUrl\":\"https:\\\/\\\/josefdavidssons.se\\\/wp-content\\\/uploads\\\/2020\\\/03\\\/josefdavidssons_sma\u030alandsspisen_28_produkt-1.jpg\",\"width\":1920,\"height\":1920,\"caption\":\"Sm\u00e5land stove 28\"},{\"@type\":\"BreadcrumbList\",\"@id\":\"https:\\\/\\\/josefdavidssons.se\\\/produkt\\\/vedspisar-och-kaminer\\\/smalandsspisen-28\\\/#breadcrumb\",\"itemListElement\":[{\"@type\":\"ListItem\",\"position\":1,\"name\":\"Home\",\"item\":\"https:\\\/\\\/josefdavidssons.se\\\/en\\\/\"},{\"@type\":\"ListItem\",\"position\":2,\"name\":\"Store\",\"item\":\"https:\\\/\\\/josefdavidssons.se\\\/en\\\/store\\\/\"},{\"@type\":\"ListItem\",\"position\":3,\"name\":\"Wood burning cooker | Sm\u00e5landsspisen 28\"}]},{\"@type\":\"WebSite\",\"@id\":\"https:\\\/\\\/josefdavidssons.se\\\/#website\",\"url\":\"https:\\\/\\\/josefdavidssons.se\\\/\",\"name\":\"Josef Davidssons Eftr.\",\"description\":\"\",\"potentialAction\":[{\"@type\":\"SearchAction\",\"target\":{\"@type\":\"EntryPoint\",\"urlTemplate\":\"https:\\\/\\\/josefdavidssons.se\\\/?s={search_term_string}\"},\"query-input\":{\"@type\":\"PropertyValueSpecification\",\"valueRequired\":true,\"valueName\":\"search_term_string\"}}],\"inLanguage\":\"en-US\"}]}<\/script>\n<!-- \/ Yoast SEO plugin. -->","yoast_head_json":{"title":"Sm\u00e5landsspisen 28 | For the smaller kitchen | Josef Davidssons","description":"Sm\u00e5landsspisen 28 really proves that good design and function outlive trends and technical extravagances. As hot today as it was in the 1910\u2019s.","robots":{"index":"index","follow":"follow","max-snippet":"max-snippet:-1","max-image-preview":"max-image-preview:large","max-video-preview":"max-video-preview:-1"},"canonical":"https:\/\/josefdavidssons.se\/produkt\/vedspisar-och-kaminer\/smalandsspisen-28\/","og_locale":"en_US","og_type":"article","og_title":"Sm\u00e5landsspisen 28 | For the smaller kitchen | Josef Davidssons","og_description":"Sm\u00e5landsspisen 28 really proves that good design and function outlive trends and technical extravagances. As hot today as it was in the 1910\u2019s.","og_url":"https:\/\/josefdavidssons.se\/produkt\/vedspisar-och-kaminer\/smalandsspisen-28\/","og_site_name":"Josef Davidssons Eftr.","article_modified_time":"2026-04-28T22:36:56+00:00","og_image":[{"width":1920,"height":1920,"url":"https:\/\/josefdavidssons.se\/wp-content\/uploads\/2020\/03\/josefdavidssons_sma\u030alandsspisen_28_produkt-1.jpg","type":"image\/jpeg"}],"twitter_card":"summary_large_image","twitter_misc":{"Est. reading time":"3 minutes"},"schema":{"@context":"https:\/\/schema.org","@graph":[{"@type":"WebPage","@id":"https:\/\/josefdavidssons.se\/produkt\/vedspisar-och-kaminer\/smalandsspisen-28\/","url":"https:\/\/josefdavidssons.se\/produkt\/vedspisar-och-kaminer\/smalandsspisen-28\/","name":"Sm\u00e5landsspisen 28 | For the smaller kitchen | Josef Davidssons","isPartOf":{"@id":"https:\/\/josefdavidssons.se\/#website"},"primaryImageOfPage":{"@id":"https:\/\/josefdavidssons.se\/produkt\/vedspisar-och-kaminer\/smalandsspisen-28\/#primaryimage"},"image":{"@id":"https:\/\/josefdavidssons.se\/produkt\/vedspisar-och-kaminer\/smalandsspisen-28\/#primaryimage"},"thumbnailUrl":"https:\/\/josefdavidssons.se\/wp-content\/uploads\/2020\/03\/josefdavidssons_sma\u030alandsspisen_28_produkt-1.jpg","datePublished":"2015-04-23T10:25:27+00:00","dateModified":"2026-04-28T22:36:56+00:00","description":"Sm\u00e5landsspisen 28 really proves that good design and function outlive trends and technical extravagances. As hot today as it was in the 1910\u2019s.","breadcrumb":{"@id":"https:\/\/josefdavidssons.se\/produkt\/vedspisar-och-kaminer\/smalandsspisen-28\/#breadcrumb"},"inLanguage":"en-US","potentialAction":[{"@type":"ReadAction","target":["https:\/\/josefdavidssons.se\/produkt\/vedspisar-och-kaminer\/smalandsspisen-28\/"]}]},{"@type":"ImageObject","inLanguage":"en-US","@id":"https:\/\/josefdavidssons.se\/produkt\/vedspisar-och-kaminer\/smalandsspisen-28\/#primaryimage","url":"https:\/\/josefdavidssons.se\/wp-content\/uploads\/2020\/03\/josefdavidssons_sma\u030alandsspisen_28_produkt-1.jpg","contentUrl":"https:\/\/josefdavidssons.se\/wp-content\/uploads\/2020\/03\/josefdavidssons_sma\u030alandsspisen_28_produkt-1.jpg","width":1920,"height":1920,"caption":"Sm\u00e5land stove 28"},{"@type":"BreadcrumbList","@id":"https:\/\/josefdavidssons.se\/produkt\/vedspisar-och-kaminer\/smalandsspisen-28\/#breadcrumb","itemListElement":[{"@type":"ListItem","position":1,"name":"Home","item":"https:\/\/josefdavidssons.se\/en\/"},{"@type":"ListItem","position":2,"name":"Store","item":"https:\/\/josefdavidssons.se\/en\/store\/"},{"@type":"ListItem","position":3,"name":"Wood burning cooker | Sm\u00e5landsspisen 28"}]},{"@type":"WebSite","@id":"https:\/\/josefdavidssons.se\/#website","url":"https:\/\/josefdavidssons.se\/","name":"Josef Davidssons Eftr.","description":"","potentialAction":[{"@type":"SearchAction","target":{"@type":"EntryPoint","urlTemplate":"https:\/\/josefdavidssons.se\/?s={search_term_string}"},"query-input":{"@type":"PropertyValueSpecification","valueRequired":true,"valueName":"search_term_string"}}],"inLanguage":"en-US"}]}},"jetpack_sharing_enabled":true,"_links":{"self":[{"href":"https:\/\/josefdavidssons.se\/en\/wp-json\/wp\/v2\/product\/42023","targetHints":{"allow":["GET"]}}],"collection":[{"href":"https:\/\/josefdavidssons.se\/en\/wp-json\/wp\/v2\/product"}],"about":[{"href":"https:\/\/josefdavidssons.se\/en\/wp-json\/wp\/v2\/types\/product"}],"wp:featuredmedia":[{"embeddable":true,"href":"https:\/\/josefdavidssons.se\/en\/wp-json\/wp\/v2\/media\/79530"}],"wp:attachment":[{"href":"https:\/\/josefdavidssons.se\/en\/wp-json\/wp\/v2\/media?parent=42023"}],"wp:term":[{"taxonomy":"product_brand","embeddable":true,"href":"https:\/\/josefdavidssons.se\/en\/wp-json\/wp\/v2\/product_brand?post=42023"},{"taxonomy":"product_cat","embeddable":true,"href":"https:\/\/josefdavidssons.se\/en\/wp-json\/wp\/v2\/product_cat?post=42023"},{"taxonomy":"product_tag","embeddable":true,"href":"https:\/\/josefdavidssons.se\/en\/wp-json\/wp\/v2\/product_tag?post=42023"}],"curies":[{"name":"wp","href":"https:\/\/api.w.org\/{rel}","templated":true}]}}