

{"id":42037,"date":"2017-03-21T10:22:58","date_gmt":"2015-04-23T11:41:18","guid":{"rendered":"http:\/\/staging.josefdavidssons.se\/produkt\/viking-30-2\/"},"modified":"2026-04-29T23:45:36","modified_gmt":"2026-04-29T22:45:36","slug":"viking-30","status":"publish","type":"product","link":"https:\/\/josefdavidssons.se\/en\/product\/wood-burning-stoves-and-cookers\/viking-30\/","title":{"rendered":"Wood burning cooker | Viking 30"},"content":{"rendered":"<h2>Viking 30 \u2013 slender and sharp-looking cast iron wood burning cooker.<\/h2>\n<p>With its timeless design and glass window firebox hatch, the Viking 30 wood-burning cooker is a real attraction in both new and older kitchens. The stove has neat dimensions and requires only 5 cm of insulation as a firewall on each side when placed between kitchen cabinets. This makes it perfect for smaller kitchens and holiday homes, on its own or as a complement to the electric stove. As the name suggests, the Viking 30 is only 30 centimetres wide, compared to traditional wood-burning stoves, usually around 60 centimetres or more.<\/p>\n<h2>Classic ornamented design, modern combustion technology<\/h2>\n<p>The slender Viking 30 wood-burning cooker is made of cast iron and designed to last many years. It is also possible to cook on this wood-burning stove thanks to the temperatures in which the stove top burner plate operates. In other words, a perfect solution if there is a power cut or just for that cosy feeling.<\/p>\n<p>The Viking 30 has a modern firebox where the fuel is burned by supplying secondary air through holes in the vermiculite walls for maximum efficiency. The convection system ventilates the stove while heating the room. You can order the wood-burning cooker with a rear or top flue gas connection. The stove is also prepared for outdoor air connection for houses with mechanical ventilation. The stove is supplied with stainless steel handles that stay cool when using the cooker. It is also possible to choose oak handles. In our product catalogue, you can read more and get inspired.<\/p>\n","protected":false},"excerpt":{"rendered":"<p>Rear connected. 30 cm slender Viking 30 is the most popular wood-burning cooker in Scandinavia. Large firebox and 6 kW power.<\/p>\n","protected":false},"featured_media":63548,"template":"","meta":{"_acf_changed":false,"content-type":""},"product_brand":[],"product_cat":[791],"product_tag":[],"class_list":{"0":"post-42037","1":"product","2":"type-product","3":"status-publish","4":"has-post-thumbnail","6":"product_cat-wood-burning-stoves-and-cookers","7":"product_shipping_class-fraktklass-b","9":"first","10":"instock","11":"sale","12":"featured","13":"taxable","14":"shipping-taxable","15":"purchasable","16":"product-type-simple"},"exclude_global_add_ons":false,"addons":[{"name":"M\u00e4rkning","type":"heading","position":0,"required":false,"title_format":"label","default":"","description_enable":true,"description":"F\u00f6r v\u00e5ra \u00e5terf\u00f6rs\u00e4ljare\r\nH\u00e4r kan du skriva en m\u00e4rkning f\u00f6r produkten som du sedan kan urskilja i din order. ","placeholder_enable":false,"placeholder":"","display":"select","restrictions_type":"any_text","adjust_price":false,"price":"","price_type":"flat_fee","restrictions":false,"min":"0","max":"0","options":[],"id":1685548929},{"name":"M\u00e4rkning","type":"custom_text","position":1,"required":false,"title_format":"hide","default":"","description_enable":false,"description":"","placeholder_enable":false,"placeholder":"","display":"select","restrictions_type":"any_text","adjust_price":false,"price":"","price_type":"quantity_based","restrictions":false,"min":"0","max":"0","options":[],"id":1685548930},{"name":"M\u00e5tt","type":"heading","position":0,"required":false,"title_format":"label","default":"","description_enable":true,"description":"F\u00f6r att vi ska kunna tillverka denna askl\u00e5da beh\u00f6ver vi veta dina m\u00e5tt. M\u00e5nga \u00e4ldre spisar har f\u00f6r\u00e4ndrats genom \u00e5ren och m\u00e5tten skiljer sig mellan spisarna\r\nOBS! Upptill tv\u00e5 veckors leveranstid p\u00e5 specialbest\u00e4llda askl\u00e5dor.","placeholder_enable":false,"placeholder":"","display":"select","restrictions_type":"any_text","adjust_price":false,"price":"","price_type":"","restrictions":false,"min":"0","max":"0","options":[]},{"name":"L\u00e4ngd","type":"custom_textarea","position":0,"required":true,"title_format":"label","default":"","description_enable":false,"description":"","placeholder_enable":false,"placeholder":"","display":"select","restrictions_type":"","adjust_price":false,"price":"","price_type":"quantity_based","restrictions":false,"min":"","max":"","options":[]},{"name":"Bredd","type":"custom_textarea","position":0,"required":true,"title_format":"label","default":"","description_enable":false,"description":"","placeholder_enable":false,"placeholder":"","display":"select","restrictions_type":"","adjust_price":false,"price":"","price_type":"quantity_based","restrictions":false,"min":"","max":"","options":[]},{"name":"H\u00f6jd","type":"custom_textarea","position":0,"required":true,"title_format":"label","default":"","description_enable":false,"description":"","placeholder_enable":false,"placeholder":"","display":"select","restrictions_type":"","adjust_price":false,"price":"","price_type":"quantity_based","restrictions":false,"min":"","max":"","options":[]},{"name":"M\u00e5tt f\u00f6r bakpl\u00e5t","type":"heading","position":0,"required":false,"title_format":"label","default":"","description_enable":true,"description":"F\u00f6r att vi ska kunna tillverka denna bakpl\u00e5t beh\u00f6ver vi veta dina m\u00e5tt. M\u00e5nga \u00e4ldre spisar har f\u00f6r\u00e4ndrats genom \u00e5ren och m\u00e5tten skiljer sig mellan spisarna. \r\nOBS! Upptill tv\u00e5 veckors leveranstid p\u00e5 specialbest\u00e4llda bakpl\u00e5tar.","placeholder_enable":false,"placeholder":"","display":"select","restrictions_type":"any_text","adjust_price":false,"price":"","price_type":"","restrictions":false,"min":"0","max":"0","options":[]},{"name":"Bredd i mm","type":"custom_textarea","position":0,"required":true,"title_format":"label","default":"","description_enable":false,"description":"","placeholder_enable":false,"placeholder":"","display":"select","restrictions_type":"","adjust_price":false,"price":"","price_type":"quantity_based","restrictions":true,"min":"1","max":"","options":[]},{"name":"L\u00e4ngd i mm","type":"custom_textarea","position":0,"required":true,"title_format":"label","default":"","description_enable":false,"description":"","placeholder_enable":false,"placeholder":"","display":"select","restrictions_type":"","adjust_price":false,"price":"","price_type":"quantity_based","restrictions":true,"min":"1","max":"","options":[]}],"acf":[],"yoast_head":"<!-- This site is optimized with the Yoast SEO plugin v27.4 - https:\/\/yoast.com\/product\/yoast-seo-wordpress\/ -->\n<title>Viking 30 - Sweden&#039;s best-selling narrow cooker | Josef Davidssons<\/title>\n<meta name=\"description\" content=\"Sweden&#039;s best-selling narrow cooker. Viking 30 is a narrow wood-burning stove. Large fireplace, no baking oven. Power 6kW.\" \/>\n<meta name=\"robots\" content=\"index, follow, max-snippet:-1, max-image-preview:large, max-video-preview:-1\" \/>\n<link rel=\"canonical\" href=\"https:\/\/josefdavidssons.se\/en\/product\/wood-burning-stoves-and-cookers\/viking-30\/\" \/>\n<meta property=\"og:locale\" content=\"en_US\" \/>\n<meta property=\"og:type\" content=\"article\" \/>\n<meta property=\"og:title\" content=\"Viking 30\" \/>\n<meta property=\"og:description\" content=\"Josef Davidssons has Sweden&#039;s largest assortment of newly manufactured wood stoves. Invest in a wood stove and keep the tradition alive.\" \/>\n<meta property=\"og:url\" content=\"https:\/\/josefdavidssons.se\/en\/product\/wood-burning-stoves-and-cookers\/viking-30\/\" \/>\n<meta property=\"og:site_name\" content=\"Josef Davidssons Eftr.\" \/>\n<meta property=\"article:modified_time\" content=\"2026-04-29T22:45:36+00:00\" \/>\n<meta property=\"og:image\" content=\"https:\/\/josefdavidssons.se\/wp-content\/uploads\/2017\/03\/JosefDavidsson_Viking30_5-version2.jpg\" \/>\n\t<meta property=\"og:image:width\" content=\"1920\" \/>\n\t<meta property=\"og:image:height\" content=\"1280\" \/>\n\t<meta property=\"og:image:type\" content=\"image\/jpeg\" \/>\n<meta name=\"twitter:card\" content=\"summary_large_image\" \/>\n<meta name=\"twitter:label1\" content=\"Est. reading time\" \/>\n\t<meta name=\"twitter:data1\" content=\"2 minutes\" \/>\n<script type=\"application\/ld+json\" class=\"yoast-schema-graph\">{\"@context\":\"https:\\\/\\\/schema.org\",\"@graph\":[{\"@type\":\"WebPage\",\"@id\":\"https:\\\/\\\/josefdavidssons.se\\\/en\\\/product\\\/wood-burning-stoves-and-cookers\\\/viking-30\\\/\",\"url\":\"https:\\\/\\\/josefdavidssons.se\\\/en\\\/product\\\/wood-burning-stoves-and-cookers\\\/viking-30\\\/\",\"name\":\"Viking 30 - Sweden's best-selling narrow cooker | Josef Davidssons\",\"isPartOf\":{\"@id\":\"https:\\\/\\\/josefdavidssons.se\\\/#website\"},\"primaryImageOfPage\":{\"@id\":\"https:\\\/\\\/josefdavidssons.se\\\/en\\\/product\\\/wood-burning-stoves-and-cookers\\\/viking-30\\\/#primaryimage\"},\"image\":{\"@id\":\"https:\\\/\\\/josefdavidssons.se\\\/en\\\/product\\\/wood-burning-stoves-and-cookers\\\/viking-30\\\/#primaryimage\"},\"thumbnailUrl\":\"https:\\\/\\\/josefdavidssons.se\\\/wp-content\\\/uploads\\\/2019\\\/05\\\/josefdavidssons_viking_30_produkt-kvadrat.jpg\",\"datePublished\":\"2015-04-23T11:41:18+00:00\",\"dateModified\":\"2026-04-29T22:45:36+00:00\",\"description\":\"Sweden's best-selling narrow cooker. Viking 30 is a narrow wood-burning stove. Large fireplace, no baking oven. Power 6kW.\",\"breadcrumb\":{\"@id\":\"https:\\\/\\\/josefdavidssons.se\\\/en\\\/product\\\/wood-burning-stoves-and-cookers\\\/viking-30\\\/#breadcrumb\"},\"inLanguage\":\"en-US\",\"potentialAction\":[{\"@type\":\"ReadAction\",\"target\":[\"https:\\\/\\\/josefdavidssons.se\\\/en\\\/product\\\/wood-burning-stoves-and-cookers\\\/viking-30\\\/\"]}]},{\"@type\":\"ImageObject\",\"inLanguage\":\"en-US\",\"@id\":\"https:\\\/\\\/josefdavidssons.se\\\/en\\\/product\\\/wood-burning-stoves-and-cookers\\\/viking-30\\\/#primaryimage\",\"url\":\"https:\\\/\\\/josefdavidssons.se\\\/wp-content\\\/uploads\\\/2019\\\/05\\\/josefdavidssons_viking_30_produkt-kvadrat.jpg\",\"contentUrl\":\"https:\\\/\\\/josefdavidssons.se\\\/wp-content\\\/uploads\\\/2019\\\/05\\\/josefdavidssons_viking_30_produkt-kvadrat.jpg\",\"width\":1920,\"height\":1920,\"caption\":\"viking 30\"},{\"@type\":\"BreadcrumbList\",\"@id\":\"https:\\\/\\\/josefdavidssons.se\\\/en\\\/product\\\/wood-burning-stoves-and-cookers\\\/viking-30\\\/#breadcrumb\",\"itemListElement\":[{\"@type\":\"ListItem\",\"position\":1,\"name\":\"Home\",\"item\":\"https:\\\/\\\/josefdavidssons.se\\\/en\\\/\"},{\"@type\":\"ListItem\",\"position\":2,\"name\":\"Store\",\"item\":\"https:\\\/\\\/josefdavidssons.se\\\/en\\\/store\\\/\"},{\"@type\":\"ListItem\",\"position\":3,\"name\":\"Wood burning cooker | Viking 30\"}]},{\"@type\":\"WebSite\",\"@id\":\"https:\\\/\\\/josefdavidssons.se\\\/#website\",\"url\":\"https:\\\/\\\/josefdavidssons.se\\\/\",\"name\":\"Josef Davidssons Eftr.\",\"description\":\"\",\"potentialAction\":[{\"@type\":\"SearchAction\",\"target\":{\"@type\":\"EntryPoint\",\"urlTemplate\":\"https:\\\/\\\/josefdavidssons.se\\\/?s={search_term_string}\"},\"query-input\":{\"@type\":\"PropertyValueSpecification\",\"valueRequired\":true,\"valueName\":\"search_term_string\"}}],\"inLanguage\":\"en-US\"}]}<\/script>\n<!-- \/ Yoast SEO plugin. -->","yoast_head_json":{"title":"Viking 30 - Sweden's best-selling narrow cooker | Josef Davidssons","description":"Sweden's best-selling narrow cooker. Viking 30 is a narrow wood-burning stove. Large fireplace, no baking oven. Power 6kW.","robots":{"index":"index","follow":"follow","max-snippet":"max-snippet:-1","max-image-preview":"max-image-preview:large","max-video-preview":"max-video-preview:-1"},"canonical":"https:\/\/josefdavidssons.se\/en\/product\/wood-burning-stoves-and-cookers\/viking-30\/","og_locale":"en_US","og_type":"article","og_title":"Viking 30","og_description":"Josef Davidssons has Sweden's largest assortment of newly manufactured wood stoves. Invest in a wood stove and keep the tradition alive.","og_url":"https:\/\/josefdavidssons.se\/en\/product\/wood-burning-stoves-and-cookers\/viking-30\/","og_site_name":"Josef Davidssons Eftr.","article_modified_time":"2026-04-29T22:45:36+00:00","og_image":[{"width":1920,"height":1280,"url":"https:\/\/josefdavidssons.se\/wp-content\/uploads\/2017\/03\/JosefDavidsson_Viking30_5-version2.jpg","type":"image\/jpeg"}],"twitter_card":"summary_large_image","twitter_misc":{"Est. reading time":"2 minutes"},"schema":{"@context":"https:\/\/schema.org","@graph":[{"@type":"WebPage","@id":"https:\/\/josefdavidssons.se\/en\/product\/wood-burning-stoves-and-cookers\/viking-30\/","url":"https:\/\/josefdavidssons.se\/en\/product\/wood-burning-stoves-and-cookers\/viking-30\/","name":"Viking 30 - Sweden's best-selling narrow cooker | Josef Davidssons","isPartOf":{"@id":"https:\/\/josefdavidssons.se\/#website"},"primaryImageOfPage":{"@id":"https:\/\/josefdavidssons.se\/en\/product\/wood-burning-stoves-and-cookers\/viking-30\/#primaryimage"},"image":{"@id":"https:\/\/josefdavidssons.se\/en\/product\/wood-burning-stoves-and-cookers\/viking-30\/#primaryimage"},"thumbnailUrl":"https:\/\/josefdavidssons.se\/wp-content\/uploads\/2019\/05\/josefdavidssons_viking_30_produkt-kvadrat.jpg","datePublished":"2015-04-23T11:41:18+00:00","dateModified":"2026-04-29T22:45:36+00:00","description":"Sweden's best-selling narrow cooker. Viking 30 is a narrow wood-burning stove. Large fireplace, no baking oven. Power 6kW.","breadcrumb":{"@id":"https:\/\/josefdavidssons.se\/en\/product\/wood-burning-stoves-and-cookers\/viking-30\/#breadcrumb"},"inLanguage":"en-US","potentialAction":[{"@type":"ReadAction","target":["https:\/\/josefdavidssons.se\/en\/product\/wood-burning-stoves-and-cookers\/viking-30\/"]}]},{"@type":"ImageObject","inLanguage":"en-US","@id":"https:\/\/josefdavidssons.se\/en\/product\/wood-burning-stoves-and-cookers\/viking-30\/#primaryimage","url":"https:\/\/josefdavidssons.se\/wp-content\/uploads\/2019\/05\/josefdavidssons_viking_30_produkt-kvadrat.jpg","contentUrl":"https:\/\/josefdavidssons.se\/wp-content\/uploads\/2019\/05\/josefdavidssons_viking_30_produkt-kvadrat.jpg","width":1920,"height":1920,"caption":"viking 30"},{"@type":"BreadcrumbList","@id":"https:\/\/josefdavidssons.se\/en\/product\/wood-burning-stoves-and-cookers\/viking-30\/#breadcrumb","itemListElement":[{"@type":"ListItem","position":1,"name":"Home","item":"https:\/\/josefdavidssons.se\/en\/"},{"@type":"ListItem","position":2,"name":"Store","item":"https:\/\/josefdavidssons.se\/en\/store\/"},{"@type":"ListItem","position":3,"name":"Wood burning cooker | Viking 30"}]},{"@type":"WebSite","@id":"https:\/\/josefdavidssons.se\/#website","url":"https:\/\/josefdavidssons.se\/","name":"Josef Davidssons Eftr.","description":"","potentialAction":[{"@type":"SearchAction","target":{"@type":"EntryPoint","urlTemplate":"https:\/\/josefdavidssons.se\/?s={search_term_string}"},"query-input":{"@type":"PropertyValueSpecification","valueRequired":true,"valueName":"search_term_string"}}],"inLanguage":"en-US"}]}},"jetpack_sharing_enabled":true,"_links":{"self":[{"href":"https:\/\/josefdavidssons.se\/en\/wp-json\/wp\/v2\/product\/42037","targetHints":{"allow":["GET"]}}],"collection":[{"href":"https:\/\/josefdavidssons.se\/en\/wp-json\/wp\/v2\/product"}],"about":[{"href":"https:\/\/josefdavidssons.se\/en\/wp-json\/wp\/v2\/types\/product"}],"wp:featuredmedia":[{"embeddable":true,"href":"https:\/\/josefdavidssons.se\/en\/wp-json\/wp\/v2\/media\/63548"}],"wp:attachment":[{"href":"https:\/\/josefdavidssons.se\/en\/wp-json\/wp\/v2\/media?parent=42037"}],"wp:term":[{"taxonomy":"product_brand","embeddable":true,"href":"https:\/\/josefdavidssons.se\/en\/wp-json\/wp\/v2\/product_brand?post=42037"},{"taxonomy":"product_cat","embeddable":true,"href":"https:\/\/josefdavidssons.se\/en\/wp-json\/wp\/v2\/product_cat?post=42037"},{"taxonomy":"product_tag","embeddable":true,"href":"https:\/\/josefdavidssons.se\/en\/wp-json\/wp\/v2\/product_tag?post=42037"}],"curies":[{"name":"wp","href":"https:\/\/api.w.org\/{rel}","templated":true}]}}