

{"id":42063,"date":"2015-04-24T13:57:59","date_gmt":"2015-04-24T12:57:59","guid":{"rendered":"http:\/\/staging.josefdavidssons.se\/produkt\/oden-6300-konvektionskamin-2\/"},"modified":"2026-05-01T23:41:09","modified_gmt":"2026-05-01T22:41:09","slug":"oden-6300-convection","status":"publish","type":"product","link":"https:\/\/josefdavidssons.se\/en\/product\/vedspisar-och-kaminer\/oden-6300-convection\/","title":{"rendered":"Wood-burning stove | Oden 6300 Concvection"},"content":{"rendered":"<h2>Oden 6300 Convection Stove<\/h2>\n<p>When life is rushing by, we seek genuine, safe, simple amenities to slow down time. With a wood-burning cast iron stove like the Oden 6300 Convection, you can create a cosy atmosphere in your home while reducing your electricity bill. Enclosing the stove with convection sides improves the heat circulation without the stove becoming too hot on the outside.<\/p>\n<h2>Classic design for different interior styles<\/h2>\n<p>The Oden 6300 is our latest model of cast iron stoves. Its covered sides give the stove beautiful straight lines that fit all homes. The warmth from the fire spreads a pleasant calm and keeps the autumn chill and winter cold out. Built from 100 kilograms of cast iron, the Oden 6300 provides a touch of traditional charm from the past while storing heat better than today&#8217;s modern sheet metal stoves. A robust convection stove with a user-friendly design that you can use for many years.<\/p>\n<h2>The cast iron stove comes in multiple models<\/h2>\n<p>The Oden comes in several models to find one that suits you and your home. Also, see <a href=\"https:\/\/josefdavidssons.se\/en\/product\/wood-burning-stoves-and-cookers\/oden-6300-radiation\/\">Oden 6300 Cast Iron<\/a> and <a href=\"https:\/\/josefdavidssons.se\/en\/product\/wood-burning-stoves-and-cookers\/oden-6300-soapstone-grey\/\">Oden 6300 Soapstone Stove<\/a>.<\/p>\n","protected":false},"excerpt":{"rendered":"<p>Convection heater. Cast iron wood-burning stove equipped with convection cabinets. Combines radiant and convection heating for better performance.<\/p>\n","protected":false},"featured_media":97643,"template":"","meta":{"_acf_changed":false,"content-type":""},"product_brand":[],"product_cat":[1393],"product_tag":[],"class_list":{"0":"post-42063","1":"product","2":"type-product","3":"status-publish","4":"has-post-thumbnail","6":"product_cat-vedspisar-och-kaminer","7":"product_shipping_class-fraktklass-b","9":"first","10":"instock","11":"sale","12":"featured","13":"taxable","14":"shipping-taxable","15":"purchasable","16":"product-type-simple"},"exclude_global_add_ons":false,"addons":[{"name":"M\u00e4rkning","type":"heading","position":0,"required":false,"title_format":"label","default":"","description_enable":true,"description":"F\u00f6r v\u00e5ra \u00e5terf\u00f6rs\u00e4ljare\r\nH\u00e4r kan du skriva en m\u00e4rkning f\u00f6r produkten som du sedan kan urskilja i din order. ","placeholder_enable":false,"placeholder":"","display":"select","restrictions_type":"any_text","adjust_price":false,"price":"","price_type":"flat_fee","restrictions":false,"min":"0","max":"0","options":[],"id":1685548929},{"name":"M\u00e4rkning","type":"custom_text","position":1,"required":false,"title_format":"hide","default":"","description_enable":false,"description":"","placeholder_enable":false,"placeholder":"","display":"select","restrictions_type":"any_text","adjust_price":false,"price":"","price_type":"quantity_based","restrictions":false,"min":"0","max":"0","options":[],"id":1685548930},{"name":"M\u00e5tt","type":"heading","position":0,"required":false,"title_format":"label","default":"","description_enable":true,"description":"F\u00f6r att vi ska kunna tillverka denna askl\u00e5da beh\u00f6ver vi veta dina m\u00e5tt. M\u00e5nga \u00e4ldre spisar har f\u00f6r\u00e4ndrats genom \u00e5ren och m\u00e5tten skiljer sig mellan spisarna\r\nOBS! Upptill tv\u00e5 veckors leveranstid p\u00e5 specialbest\u00e4llda askl\u00e5dor.","placeholder_enable":false,"placeholder":"","display":"select","restrictions_type":"any_text","adjust_price":false,"price":"","price_type":"","restrictions":false,"min":"0","max":"0","options":[]},{"name":"L\u00e4ngd","type":"custom_textarea","position":0,"required":true,"title_format":"label","default":"","description_enable":false,"description":"","placeholder_enable":false,"placeholder":"","display":"select","restrictions_type":"","adjust_price":false,"price":"","price_type":"quantity_based","restrictions":false,"min":"","max":"","options":[]},{"name":"Bredd","type":"custom_textarea","position":0,"required":true,"title_format":"label","default":"","description_enable":false,"description":"","placeholder_enable":false,"placeholder":"","display":"select","restrictions_type":"","adjust_price":false,"price":"","price_type":"quantity_based","restrictions":false,"min":"","max":"","options":[]},{"name":"H\u00f6jd","type":"custom_textarea","position":0,"required":true,"title_format":"label","default":"","description_enable":false,"description":"","placeholder_enable":false,"placeholder":"","display":"select","restrictions_type":"","adjust_price":false,"price":"","price_type":"quantity_based","restrictions":false,"min":"","max":"","options":[]},{"name":"M\u00e5tt f\u00f6r bakpl\u00e5t","type":"heading","position":0,"required":false,"title_format":"label","default":"","description_enable":true,"description":"F\u00f6r att vi ska kunna tillverka denna bakpl\u00e5t beh\u00f6ver vi veta dina m\u00e5tt. M\u00e5nga \u00e4ldre spisar har f\u00f6r\u00e4ndrats genom \u00e5ren och m\u00e5tten skiljer sig mellan spisarna. \r\nOBS! Upptill tv\u00e5 veckors leveranstid p\u00e5 specialbest\u00e4llda bakpl\u00e5tar.","placeholder_enable":false,"placeholder":"","display":"select","restrictions_type":"any_text","adjust_price":false,"price":"","price_type":"","restrictions":false,"min":"0","max":"0","options":[]},{"name":"Bredd i mm","type":"custom_textarea","position":0,"required":true,"title_format":"label","default":"","description_enable":false,"description":"","placeholder_enable":false,"placeholder":"","display":"select","restrictions_type":"","adjust_price":false,"price":"","price_type":"quantity_based","restrictions":true,"min":"1","max":"","options":[]},{"name":"L\u00e4ngd i mm","type":"custom_textarea","position":0,"required":true,"title_format":"label","default":"","description_enable":false,"description":"","placeholder_enable":false,"placeholder":"","display":"select","restrictions_type":"","adjust_price":false,"price":"","price_type":"quantity_based","restrictions":true,"min":"1","max":"","options":[]}],"acf":[],"yoast_head":"<!-- This site is optimized with the Yoast SEO plugin v27.4 - https:\/\/yoast.com\/product\/yoast-seo-wordpress\/ -->\n<title>Oden 6300 convection | Cast iron stove from Josef Davidssons<\/title>\n<meta name=\"description\" content=\"Oden 6300 convection stove has a large glass door for maximum visibility in the fireplace. Beautiful design and genuine craftsmanship.\" \/>\n<meta name=\"robots\" content=\"index, follow, max-snippet:-1, max-image-preview:large, max-video-preview:-1\" \/>\n<link rel=\"canonical\" href=\"https:\/\/josefdavidssons.se\/produkt\/vedspisar-och-kaminer\/oden-6300-konvektionskamin\/\" \/>\n<meta property=\"og:locale\" content=\"en_US\" \/>\n<meta property=\"og:type\" content=\"article\" \/>\n<meta property=\"og:title\" content=\"Oden 6300 convection | Cast iron stove from Josef Davidssons\" \/>\n<meta property=\"og:description\" content=\"Oden 6300 convection stove has a large glass door for maximum visibility in the fireplace. Beautiful design and genuine craftsmanship.\" \/>\n<meta property=\"og:url\" content=\"https:\/\/josefdavidssons.se\/produkt\/vedspisar-och-kaminer\/oden-6300-konvektionskamin\/\" \/>\n<meta property=\"og:site_name\" content=\"Josef Davidssons Eftr.\" \/>\n<meta property=\"article:modified_time\" content=\"2026-05-01T22:41:09+00:00\" \/>\n<meta property=\"og:image\" content=\"https:\/\/josefdavidssons.se\/wp-content\/uploads\/2015\/04\/josefdavidssons_oden_6300_konvektion_produkt_web.jpg\" \/>\n\t<meta property=\"og:image:width\" content=\"1920\" \/>\n\t<meta property=\"og:image:height\" content=\"1920\" \/>\n\t<meta property=\"og:image:type\" content=\"image\/jpeg\" \/>\n<meta name=\"twitter:card\" content=\"summary_large_image\" \/>\n<meta name=\"twitter:label1\" content=\"Est. reading time\" \/>\n\t<meta name=\"twitter:data1\" content=\"2 minutes\" \/>\n<script type=\"application\/ld+json\" class=\"yoast-schema-graph\">{\"@context\":\"https:\\\/\\\/schema.org\",\"@graph\":[{\"@type\":\"WebPage\",\"@id\":\"https:\\\/\\\/josefdavidssons.se\\\/produkt\\\/vedspisar-och-kaminer\\\/oden-6300-konvektionskamin\\\/\",\"url\":\"https:\\\/\\\/josefdavidssons.se\\\/produkt\\\/vedspisar-och-kaminer\\\/oden-6300-konvektionskamin\\\/\",\"name\":\"Oden 6300 convection | Cast iron stove from Josef Davidssons\",\"isPartOf\":{\"@id\":\"https:\\\/\\\/josefdavidssons.se\\\/#website\"},\"primaryImageOfPage\":{\"@id\":\"https:\\\/\\\/josefdavidssons.se\\\/produkt\\\/vedspisar-och-kaminer\\\/oden-6300-konvektionskamin\\\/#primaryimage\"},\"image\":{\"@id\":\"https:\\\/\\\/josefdavidssons.se\\\/produkt\\\/vedspisar-och-kaminer\\\/oden-6300-konvektionskamin\\\/#primaryimage\"},\"thumbnailUrl\":\"https:\\\/\\\/josefdavidssons.se\\\/wp-content\\\/uploads\\\/2015\\\/04\\\/josefdavidssons_oden_6300_konvektion_produkt_web.jpg\",\"datePublished\":\"2015-04-24T12:57:59+00:00\",\"dateModified\":\"2026-05-01T22:41:09+00:00\",\"description\":\"Oden 6300 convection stove has a large glass door for maximum visibility in the fireplace. Beautiful design and genuine craftsmanship.\",\"breadcrumb\":{\"@id\":\"https:\\\/\\\/josefdavidssons.se\\\/produkt\\\/vedspisar-och-kaminer\\\/oden-6300-konvektionskamin\\\/#breadcrumb\"},\"inLanguage\":\"en-US\",\"potentialAction\":[{\"@type\":\"ReadAction\",\"target\":[\"https:\\\/\\\/josefdavidssons.se\\\/produkt\\\/vedspisar-och-kaminer\\\/oden-6300-konvektionskamin\\\/\"]}]},{\"@type\":\"ImageObject\",\"inLanguage\":\"en-US\",\"@id\":\"https:\\\/\\\/josefdavidssons.se\\\/produkt\\\/vedspisar-och-kaminer\\\/oden-6300-konvektionskamin\\\/#primaryimage\",\"url\":\"https:\\\/\\\/josefdavidssons.se\\\/wp-content\\\/uploads\\\/2015\\\/04\\\/josefdavidssons_oden_6300_konvektion_produkt_web.jpg\",\"contentUrl\":\"https:\\\/\\\/josefdavidssons.se\\\/wp-content\\\/uploads\\\/2015\\\/04\\\/josefdavidssons_oden_6300_konvektion_produkt_web.jpg\",\"width\":1920,\"height\":1920,\"caption\":\"Oden 6300 konvektion Josef Davidssons Kamin\"},{\"@type\":\"BreadcrumbList\",\"@id\":\"https:\\\/\\\/josefdavidssons.se\\\/produkt\\\/vedspisar-och-kaminer\\\/oden-6300-konvektionskamin\\\/#breadcrumb\",\"itemListElement\":[{\"@type\":\"ListItem\",\"position\":1,\"name\":\"Home\",\"item\":\"https:\\\/\\\/josefdavidssons.se\\\/en\\\/\"},{\"@type\":\"ListItem\",\"position\":2,\"name\":\"Store\",\"item\":\"https:\\\/\\\/josefdavidssons.se\\\/en\\\/store\\\/\"},{\"@type\":\"ListItem\",\"position\":3,\"name\":\"Wood-burning stove | Oden 6300 Concvection\"}]},{\"@type\":\"WebSite\",\"@id\":\"https:\\\/\\\/josefdavidssons.se\\\/#website\",\"url\":\"https:\\\/\\\/josefdavidssons.se\\\/\",\"name\":\"Josef Davidssons Eftr.\",\"description\":\"\",\"potentialAction\":[{\"@type\":\"SearchAction\",\"target\":{\"@type\":\"EntryPoint\",\"urlTemplate\":\"https:\\\/\\\/josefdavidssons.se\\\/?s={search_term_string}\"},\"query-input\":{\"@type\":\"PropertyValueSpecification\",\"valueRequired\":true,\"valueName\":\"search_term_string\"}}],\"inLanguage\":\"en-US\"}]}<\/script>\n<!-- \/ Yoast SEO plugin. -->","yoast_head_json":{"title":"Oden 6300 convection | Cast iron stove from Josef Davidssons","description":"Oden 6300 convection stove has a large glass door for maximum visibility in the fireplace. Beautiful design and genuine craftsmanship.","robots":{"index":"index","follow":"follow","max-snippet":"max-snippet:-1","max-image-preview":"max-image-preview:large","max-video-preview":"max-video-preview:-1"},"canonical":"https:\/\/josefdavidssons.se\/produkt\/vedspisar-och-kaminer\/oden-6300-konvektionskamin\/","og_locale":"en_US","og_type":"article","og_title":"Oden 6300 convection | Cast iron stove from Josef Davidssons","og_description":"Oden 6300 convection stove has a large glass door for maximum visibility in the fireplace. Beautiful design and genuine craftsmanship.","og_url":"https:\/\/josefdavidssons.se\/produkt\/vedspisar-och-kaminer\/oden-6300-konvektionskamin\/","og_site_name":"Josef Davidssons Eftr.","article_modified_time":"2026-05-01T22:41:09+00:00","og_image":[{"width":1920,"height":1920,"url":"https:\/\/josefdavidssons.se\/wp-content\/uploads\/2015\/04\/josefdavidssons_oden_6300_konvektion_produkt_web.jpg","type":"image\/jpeg"}],"twitter_card":"summary_large_image","twitter_misc":{"Est. reading time":"2 minutes"},"schema":{"@context":"https:\/\/schema.org","@graph":[{"@type":"WebPage","@id":"https:\/\/josefdavidssons.se\/produkt\/vedspisar-och-kaminer\/oden-6300-konvektionskamin\/","url":"https:\/\/josefdavidssons.se\/produkt\/vedspisar-och-kaminer\/oden-6300-konvektionskamin\/","name":"Oden 6300 convection | Cast iron stove from Josef Davidssons","isPartOf":{"@id":"https:\/\/josefdavidssons.se\/#website"},"primaryImageOfPage":{"@id":"https:\/\/josefdavidssons.se\/produkt\/vedspisar-och-kaminer\/oden-6300-konvektionskamin\/#primaryimage"},"image":{"@id":"https:\/\/josefdavidssons.se\/produkt\/vedspisar-och-kaminer\/oden-6300-konvektionskamin\/#primaryimage"},"thumbnailUrl":"https:\/\/josefdavidssons.se\/wp-content\/uploads\/2015\/04\/josefdavidssons_oden_6300_konvektion_produkt_web.jpg","datePublished":"2015-04-24T12:57:59+00:00","dateModified":"2026-05-01T22:41:09+00:00","description":"Oden 6300 convection stove has a large glass door for maximum visibility in the fireplace. Beautiful design and genuine craftsmanship.","breadcrumb":{"@id":"https:\/\/josefdavidssons.se\/produkt\/vedspisar-och-kaminer\/oden-6300-konvektionskamin\/#breadcrumb"},"inLanguage":"en-US","potentialAction":[{"@type":"ReadAction","target":["https:\/\/josefdavidssons.se\/produkt\/vedspisar-och-kaminer\/oden-6300-konvektionskamin\/"]}]},{"@type":"ImageObject","inLanguage":"en-US","@id":"https:\/\/josefdavidssons.se\/produkt\/vedspisar-och-kaminer\/oden-6300-konvektionskamin\/#primaryimage","url":"https:\/\/josefdavidssons.se\/wp-content\/uploads\/2015\/04\/josefdavidssons_oden_6300_konvektion_produkt_web.jpg","contentUrl":"https:\/\/josefdavidssons.se\/wp-content\/uploads\/2015\/04\/josefdavidssons_oden_6300_konvektion_produkt_web.jpg","width":1920,"height":1920,"caption":"Oden 6300 konvektion Josef Davidssons Kamin"},{"@type":"BreadcrumbList","@id":"https:\/\/josefdavidssons.se\/produkt\/vedspisar-och-kaminer\/oden-6300-konvektionskamin\/#breadcrumb","itemListElement":[{"@type":"ListItem","position":1,"name":"Home","item":"https:\/\/josefdavidssons.se\/en\/"},{"@type":"ListItem","position":2,"name":"Store","item":"https:\/\/josefdavidssons.se\/en\/store\/"},{"@type":"ListItem","position":3,"name":"Wood-burning stove | Oden 6300 Concvection"}]},{"@type":"WebSite","@id":"https:\/\/josefdavidssons.se\/#website","url":"https:\/\/josefdavidssons.se\/","name":"Josef Davidssons Eftr.","description":"","potentialAction":[{"@type":"SearchAction","target":{"@type":"EntryPoint","urlTemplate":"https:\/\/josefdavidssons.se\/?s={search_term_string}"},"query-input":{"@type":"PropertyValueSpecification","valueRequired":true,"valueName":"search_term_string"}}],"inLanguage":"en-US"}]}},"jetpack_sharing_enabled":true,"_links":{"self":[{"href":"https:\/\/josefdavidssons.se\/en\/wp-json\/wp\/v2\/product\/42063","targetHints":{"allow":["GET"]}}],"collection":[{"href":"https:\/\/josefdavidssons.se\/en\/wp-json\/wp\/v2\/product"}],"about":[{"href":"https:\/\/josefdavidssons.se\/en\/wp-json\/wp\/v2\/types\/product"}],"wp:featuredmedia":[{"embeddable":true,"href":"https:\/\/josefdavidssons.se\/en\/wp-json\/wp\/v2\/media\/97643"}],"wp:attachment":[{"href":"https:\/\/josefdavidssons.se\/en\/wp-json\/wp\/v2\/media?parent=42063"}],"wp:term":[{"taxonomy":"product_brand","embeddable":true,"href":"https:\/\/josefdavidssons.se\/en\/wp-json\/wp\/v2\/product_brand?post=42063"},{"taxonomy":"product_cat","embeddable":true,"href":"https:\/\/josefdavidssons.se\/en\/wp-json\/wp\/v2\/product_cat?post=42063"},{"taxonomy":"product_tag","embeddable":true,"href":"https:\/\/josefdavidssons.se\/en\/wp-json\/wp\/v2\/product_tag?post=42063"}],"curies":[{"name":"wp","href":"https:\/\/api.w.org\/{rel}","templated":true}]}}